{"id":504,"date":"2020-10-07T15:07:06","date_gmt":"2020-10-07T15:07:06","guid":{"rendered":"https:\/\/myaffordablebeautytips.com\/?page_id=504"},"modified":"2021-08-07T14:50:53","modified_gmt":"2021-08-07T14:50:53","slug":"terminos-y-condiciones","status":"publish","type":"page","link":"https:\/\/myaffordablebeautytips.com\/es\/term-and-conditions\/","title":{"rendered":"Descargo de responsabilidad"},"content":{"rendered":"<p>Todos los art\u00edculos y contenidos de este blog tienen fines informativos y de diversi\u00f3n.<\/p>\n\n\n\n<p>La informaci\u00f3n proporcionada se basa en la perspectiva y las experiencias del propietario, por lo que utilice esta informaci\u00f3n como mejor le convenga y desee. Seguir las recomendaciones proporcionadas en este sitio, es enteramente al usuario\/lector; el propietario no garantiza la satisfacci\u00f3n con los datos proporcionados puesto que cada uno siente y reacciona diferentemente.  <\/p>\n\n\n\n<p>El propietario no se hace responsable de los da\u00f1os o lesiones derivados del uso de la informaci\u00f3n proporcionada en este blog.<\/p>\n\n\n\n<p>Los enlaces de este sitio pueden ser enlaces de afiliados. Como asociada de Amazon, gano una comisi\u00f3n cuando se utilizan mis enlaces; tambi\u00e9n estoy afiliada a Rakuten Marketing y Walmart. Usted no tiene que utilizar mis enlaces, pero estas comisiones me ayudan a continuar con este blog y mi pasi\u00f3n. <\/p>\n\n\n\n<p>Estas condiciones pueden modificarse sin previo aviso.<\/p>\n\n\n\n<p><strong>\u00daltima actualizaci\u00f3n:<\/strong> 07 de agosto de 2021<\/p>","protected":false},"excerpt":{"rendered":"<p>Todos los art\u00edculos y contenidos de este blog tienen fines informativos y de diversi\u00f3n. La informaci\u00f3n proporcionada se basa en la perspectiva del propietario, y las experiencias as\u00ed que utilice esta informaci\u00f3n como su ajuste y deseos. Siguiendo las recomendaciones proporcionadas en este...<\/p>\n<p><a class=\"more-link\" href=\"https:\/\/myaffordablebeautytips.com\/es\/term-and-conditions\/\">Leer m\u00e1s<\/a><\/p>","protected":false},"author":2,"featured_media":0,"parent":0,"menu_order":0,"comment_status":"closed","ping_status":"closed","template":"","meta":{"nf_dc_page":"","_monsterinsights_skip_tracking":false,"_monsterinsights_sitenote_active":false,"_monsterinsights_sitenote_note":"","_monsterinsights_sitenote_category":0,"_uf_show_specific_survey":0,"_uf_disable_surveys":false,"_genesis_hide_title":false,"_genesis_hide_breadcrumbs":false,"_genesis_hide_singular_image":false,"_genesis_hide_footer_widgets":false,"_genesis_custom_body_class":"","_genesis_custom_post_class":"","_genesis_layout":"","jetpack_post_was_ever_published":false,"footnotes":""},"class_list":{"0":"post-504","1":"page","2":"type-page","3":"status-publish","5":"entry"},"yoast_head":"<!-- This site is optimized with the Yoast SEO Premium plugin v27.2 (Yoast SEO v27.4) - https:\/\/yoast.com\/product\/yoast-seo-premium-wordpress\/ -->\n<title>Disclaimer - My Affordable Beauty Tips<\/title>\n<meta name=\"robots\" content=\"index, follow, max-snippet:-1, max-image-preview:large, max-video-preview:-1\" \/>\n<link rel=\"canonical\" href=\"https:\/\/myaffordablebeautytips.com\/es\/terminos-y-condiciones\/\" \/>\n<meta property=\"og:locale\" content=\"es_ES\" \/>\n<meta property=\"og:type\" content=\"article\" \/>\n<meta property=\"og:title\" content=\"Disclaimer\" \/>\n<meta property=\"og:description\" content=\"All the articles and content in this blog are for information purposes and fun. The information provided is based on the owner&#8217;s perspective, and experiences so use this information as your fit and wishes. Following the recommendations provided on this...Read More\" \/>\n<meta property=\"og:url\" content=\"https:\/\/myaffordablebeautytips.com\/es\/terminos-y-condiciones\/\" \/>\n<meta property=\"og:site_name\" content=\"My Affordable Beauty Tips\" \/>\n<meta property=\"article:modified_time\" content=\"2021-08-07T14:50:53+00:00\" \/>\n<meta name=\"twitter:card\" content=\"summary_large_image\" \/>\n<meta name=\"twitter:label1\" content=\"Tiempo de lectura\" \/>\n\t<meta name=\"twitter:data1\" content=\"1 minuto\" \/>\n<script type=\"application\/ld+json\" class=\"yoast-schema-graph\">{\"@context\":\"https:\\\/\\\/schema.org\",\"@graph\":[{\"@type\":\"WebPage\",\"@id\":\"https:\\\/\\\/myaffordablebeautytips.com\\\/term-and-conditions\\\/\",\"url\":\"https:\\\/\\\/myaffordablebeautytips.com\\\/term-and-conditions\\\/\",\"name\":\"Disclaimer - My Affordable Beauty Tips\",\"isPartOf\":{\"@id\":\"https:\\\/\\\/myaffordablebeautytips.com\\\/#website\"},\"datePublished\":\"2020-10-07T15:07:06+00:00\",\"dateModified\":\"2021-08-07T14:50:53+00:00\",\"breadcrumb\":{\"@id\":\"https:\\\/\\\/myaffordablebeautytips.com\\\/term-and-conditions\\\/#breadcrumb\"},\"inLanguage\":\"es-CO\",\"potentialAction\":[{\"@type\":\"ReadAction\",\"target\":[\"https:\\\/\\\/myaffordablebeautytips.com\\\/term-and-conditions\\\/\"]}]},{\"@type\":\"BreadcrumbList\",\"@id\":\"https:\\\/\\\/myaffordablebeautytips.com\\\/term-and-conditions\\\/#breadcrumb\",\"itemListElement\":[{\"@type\":\"ListItem\",\"position\":1,\"name\":\"Home\",\"item\":\"https:\\\/\\\/myaffordablebeautytips.com\\\/\"},{\"@type\":\"ListItem\",\"position\":2,\"name\":\"Disclaimer\"}]},{\"@type\":\"WebSite\",\"@id\":\"https:\\\/\\\/myaffordablebeautytips.com\\\/#website\",\"url\":\"https:\\\/\\\/myaffordablebeautytips.com\\\/\",\"name\":\"My Affordable Beauty Tips\",\"description\":\"Beauty Beyond Skin \\\/ Creator of Rise and Shine Mindset\",\"potentialAction\":[{\"@type\":\"SearchAction\",\"target\":{\"@type\":\"EntryPoint\",\"urlTemplate\":\"https:\\\/\\\/myaffordablebeautytips.com\\\/?s={search_term_string}\"},\"query-input\":{\"@type\":\"PropertyValueSpecification\",\"valueRequired\":true,\"valueName\":\"search_term_string\"}}],\"inLanguage\":\"es-CO\"}]}<\/script>\n<!-- \/ Yoast SEO Premium plugin. -->","yoast_head_json":{"title":"Descargo de responsabilidad - Mis consejos de belleza asequibles","robots":{"index":"index","follow":"follow","max-snippet":"max-snippet:-1","max-image-preview":"max-image-preview:large","max-video-preview":"max-video-preview:-1"},"canonical":"https:\/\/myaffordablebeautytips.com\/es\/terminos-y-condiciones\/","og_locale":"es_ES","og_type":"article","og_title":"Disclaimer","og_description":"All the articles and content in this blog are for information purposes and fun. The information provided is based on the owner&#8217;s perspective, and experiences so use this information as your fit and wishes. Following the recommendations provided on this...Read More","og_url":"https:\/\/myaffordablebeautytips.com\/es\/terminos-y-condiciones\/","og_site_name":"My Affordable Beauty Tips","article_modified_time":"2021-08-07T14:50:53+00:00","twitter_card":"summary_large_image","twitter_misc":{"Tiempo de lectura":"1 minuto"},"schema":{"@context":"https:\/\/schema.org","@graph":[{"@type":"WebPage","@id":"https:\/\/myaffordablebeautytips.com\/term-and-conditions\/","url":"https:\/\/myaffordablebeautytips.com\/term-and-conditions\/","name":"Descargo de responsabilidad - Mis consejos de belleza asequibles","isPartOf":{"@id":"https:\/\/myaffordablebeautytips.com\/#website"},"datePublished":"2020-10-07T15:07:06+00:00","dateModified":"2021-08-07T14:50:53+00:00","breadcrumb":{"@id":"https:\/\/myaffordablebeautytips.com\/term-and-conditions\/#breadcrumb"},"inLanguage":"es-CO","potentialAction":[{"@type":"ReadAction","target":["https:\/\/myaffordablebeautytips.com\/term-and-conditions\/"]}]},{"@type":"BreadcrumbList","@id":"https:\/\/myaffordablebeautytips.com\/term-and-conditions\/#breadcrumb","itemListElement":[{"@type":"ListItem","position":1,"name":"Home","item":"https:\/\/myaffordablebeautytips.com\/"},{"@type":"ListItem","position":2,"name":"Disclaimer"}]},{"@type":"WebSite","@id":"https:\/\/myaffordablebeautytips.com\/#website","url":"https:\/\/myaffordablebeautytips.com\/","name":"Mis consejos de belleza asequibles","description":"Belleza m\u00e1s all\u00e1 de la piel \/ Creadora de Rise and Shine Mindset","potentialAction":[{"@type":"SearchAction","target":{"@type":"EntryPoint","urlTemplate":"https:\/\/myaffordablebeautytips.com\/?s={search_term_string}"},"query-input":{"@type":"PropertyValueSpecification","valueRequired":true,"valueName":"search_term_string"}}],"inLanguage":"es-CO"}]}},"jetpack_sharing_enabled":true,"amp_enabled":true,"_links":{"self":[{"href":"https:\/\/myaffordablebeautytips.com\/es\/wp-json\/wp\/v2\/pages\/504","targetHints":{"allow":["GET"]}}],"collection":[{"href":"https:\/\/myaffordablebeautytips.com\/es\/wp-json\/wp\/v2\/pages"}],"about":[{"href":"https:\/\/myaffordablebeautytips.com\/es\/wp-json\/wp\/v2\/types\/page"}],"author":[{"embeddable":true,"href":"https:\/\/myaffordablebeautytips.com\/es\/wp-json\/wp\/v2\/users\/2"}],"replies":[{"embeddable":true,"href":"https:\/\/myaffordablebeautytips.com\/es\/wp-json\/wp\/v2\/comments?post=504"}],"version-history":[{"count":5,"href":"https:\/\/myaffordablebeautytips.com\/es\/wp-json\/wp\/v2\/pages\/504\/revisions"}],"predecessor-version":[{"id":2047,"href":"https:\/\/myaffordablebeautytips.com\/es\/wp-json\/wp\/v2\/pages\/504\/revisions\/2047"}],"wp:attachment":[{"href":"https:\/\/myaffordablebeautytips.com\/es\/wp-json\/wp\/v2\/media?parent=504"}],"curies":[{"name":"wp","href":"https:\/\/api.w.org\/{rel}","templated":true}]}}