{"id":4558,"date":"2022-09-01T11:38:12","date_gmt":"2022-09-01T15:38:12","guid":{"rendered":"https:\/\/myaffordablebeautytips.com\/?page_id=4558"},"modified":"2026-02-23T14:46:52","modified_gmt":"2026-02-23T19:46:52","slug":"planificadores-de-la-tienda","status":"publish","type":"page","link":"https:\/\/myaffordablebeautytips.com\/es\/shop-planners\/","title":{"rendered":"Comprar productos digitales"},"content":{"rendered":"<p class=\"\">\u00a1Hola, bellezas! \u00a1Bienvenidas a mi refugio digital, Rise and Shine Mindset con Adri! \ud83c\udf1f\u2728<\/p>\n\n\n\n<p class=\"\">Aqu\u00ed encontrar\u00e1 todo lo que necesita para mejorar su vida, desde agendas con un bonito dise\u00f1o y gu\u00edas de autocuidado hasta plantillas para llevar un diario y mucho m\u00e1s. Tanto si desea aumentar su productividad, practicar la atenci\u00f3n plena o vivir con m\u00e1s intenci\u00f3n, mis productos digitales est\u00e1n aqu\u00ed para ayudarle en cada paso del camino. \u00bfEst\u00e1 listo para explorar y encontrar lo que m\u00e1s le conviene?<\/p>\n\n\n\n<figure class=\"wp-block-image size-large\"><a href=\"https:\/\/stan.store\/Riseandshinedigitals\" target=\"_blank\" rel=\" noreferrer noopener\"><img data-recalc-dims=\"1\" decoding=\"async\" width=\"1024\" height=\"576\" src=\"https:\/\/i0.wp.com\/myaffordablebeautytips.com\/wp-content\/uploads\/2026\/02\/rise-and-shine-products-digital.jpg?resize=1024%2C576&#038;quality=89&#038;ssl=1\" alt=\"Comprar productos digitales\" class=\"wp-image-10729\" srcset=\"https:\/\/i0.wp.com\/myaffordablebeautytips.com\/wp-content\/uploads\/2026\/02\/rise-and-shine-products-digital.jpg?resize=1024%2C576&amp;quality=89&amp;ssl=1 1024w, https:\/\/i0.wp.com\/myaffordablebeautytips.com\/wp-content\/uploads\/2026\/02\/rise-and-shine-products-digital.jpg?resize=300%2C169&amp;quality=89&amp;ssl=1 300w, https:\/\/i0.wp.com\/myaffordablebeautytips.com\/wp-content\/uploads\/2026\/02\/rise-and-shine-products-digital.jpg?resize=768%2C432&amp;quality=89&amp;ssl=1 768w, https:\/\/i0.wp.com\/myaffordablebeautytips.com\/wp-content\/uploads\/2026\/02\/rise-and-shine-products-digital.jpg?resize=1536%2C864&amp;quality=89&amp;ssl=1 1536w, https:\/\/i0.wp.com\/myaffordablebeautytips.com\/wp-content\/uploads\/2026\/02\/rise-and-shine-products-digital.jpg?resize=18%2C10&amp;quality=89&amp;ssl=1 18w, https:\/\/i0.wp.com\/myaffordablebeautytips.com\/wp-content\/uploads\/2026\/02\/rise-and-shine-products-digital.jpg?resize=800%2C450&amp;quality=89&amp;ssl=1 800w, https:\/\/i0.wp.com\/myaffordablebeautytips.com\/wp-content\/uploads\/2026\/02\/rise-and-shine-products-digital.jpg?w=1920&amp;quality=89&amp;ssl=1 1920w\" sizes=\"(max-width: 1024px) 100vw, 1024px\" \/><\/a><\/figure>\n\n\n\n<p class=\"\">Con amor \u2764<\/p>\n\n\n\n<p class=\"\">Adriana<\/p>\n\n\n\n<hr class=\"wp-block-separator has-alpha-channel-opacity\"\/>\n\n\n\n<p class=\"\"><\/p>","protected":false},"excerpt":{"rendered":"<p>\u00a1Hola, bellezas! Bienvenidas a mi refugio digital, Rise and Shine Mindset with Adri! \ud83c\udf1f\u2728 Aqu\u00ed encontrar\u00e1n todo lo que necesitan para mejorar su vida, desde agendas con bonitos dise\u00f1os y gu\u00edas de autocuidado hasta plantillas para escribir un diario y mucho m\u00e1s. Tanto si buscan...<\/p>\n<p><a class=\"more-link\" href=\"https:\/\/myaffordablebeautytips.com\/es\/shop-planners\/\">Leer m\u00e1s<\/a><\/p>","protected":false},"author":2,"featured_media":0,"parent":0,"menu_order":0,"comment_status":"closed","ping_status":"closed","template":"","meta":{"nf_dc_page":"","_monsterinsights_skip_tracking":false,"_monsterinsights_sitenote_active":false,"_monsterinsights_sitenote_note":"","_monsterinsights_sitenote_category":0,"_uf_show_specific_survey":0,"_uf_disable_surveys":false,"_genesis_hide_title":false,"_genesis_hide_breadcrumbs":false,"_genesis_hide_singular_image":false,"_genesis_hide_footer_widgets":false,"_genesis_custom_body_class":"","_genesis_custom_post_class":"","_genesis_layout":"","jetpack_post_was_ever_published":false,"footnotes":""},"class_list":{"0":"post-4558","1":"page","2":"type-page","3":"status-publish","5":"entry","6":"has-post-thumbnail"},"yoast_head":"<!-- This site is optimized with the Yoast SEO Premium plugin v27.2 (Yoast SEO v27.4) - https:\/\/yoast.com\/product\/yoast-seo-premium-wordpress\/ -->\n<title>Shop Digital Products - My Affordable Beauty Tips<\/title>\n<meta name=\"description\" content=\"Explore my digital products, including planners, self-care guides, journaling prompts, and more! Find the tools you need for your growth.\" \/>\n<meta name=\"robots\" content=\"index, follow, max-snippet:-1, max-image-preview:large, max-video-preview:-1\" \/>\n<link rel=\"canonical\" href=\"https:\/\/myaffordablebeautytips.com\/es\/planificadores-de-la-tienda\/\" \/>\n<meta property=\"og:locale\" content=\"es_ES\" \/>\n<meta property=\"og:type\" content=\"article\" \/>\n<meta property=\"og:title\" content=\"Shop Digital Products\" \/>\n<meta property=\"og:description\" content=\"Explore my digital products, including planners, self-care guides, journaling prompts, and more! Find the tools you need for your growth.\" \/>\n<meta property=\"og:url\" content=\"https:\/\/myaffordablebeautytips.com\/es\/planificadores-de-la-tienda\/\" \/>\n<meta property=\"og:site_name\" content=\"My Affordable Beauty Tips\" \/>\n<meta property=\"article:modified_time\" content=\"2026-02-23T19:46:52+00:00\" \/>\n<meta property=\"og:image\" content=\"https:\/\/myaffordablebeautytips.com\/wp-content\/uploads\/2026\/02\/rise-and-shine-products-digital-1024x576.jpg\" \/>\n<meta name=\"twitter:card\" content=\"summary_large_image\" \/>\n<meta name=\"twitter:label1\" content=\"Tiempo de lectura\" \/>\n\t<meta name=\"twitter:data1\" content=\"1 minuto\" \/>\n<script type=\"application\/ld+json\" class=\"yoast-schema-graph\">{\"@context\":\"https:\\\/\\\/schema.org\",\"@graph\":[{\"@type\":\"WebPage\",\"@id\":\"https:\\\/\\\/myaffordablebeautytips.com\\\/shop-planners\\\/\",\"url\":\"https:\\\/\\\/myaffordablebeautytips.com\\\/shop-planners\\\/\",\"name\":\"Shop Digital Products - My Affordable Beauty Tips\",\"isPartOf\":{\"@id\":\"https:\\\/\\\/myaffordablebeautytips.com\\\/#website\"},\"primaryImageOfPage\":{\"@id\":\"https:\\\/\\\/myaffordablebeautytips.com\\\/shop-planners\\\/#primaryimage\"},\"image\":{\"@id\":\"https:\\\/\\\/myaffordablebeautytips.com\\\/shop-planners\\\/#primaryimage\"},\"thumbnailUrl\":\"https:\\\/\\\/myaffordablebeautytips.com\\\/wp-content\\\/uploads\\\/2026\\\/02\\\/rise-and-shine-products-digital-1024x576.jpg\",\"datePublished\":\"2022-09-01T15:38:12+00:00\",\"dateModified\":\"2026-02-23T19:46:52+00:00\",\"description\":\"Explore my digital products, including planners, self-care guides, journaling prompts, and more! Find the tools you need for your growth.\",\"breadcrumb\":{\"@id\":\"https:\\\/\\\/myaffordablebeautytips.com\\\/shop-planners\\\/#breadcrumb\"},\"inLanguage\":\"es-CO\",\"potentialAction\":[{\"@type\":\"ReadAction\",\"target\":[\"https:\\\/\\\/myaffordablebeautytips.com\\\/shop-planners\\\/\"]}]},{\"@type\":\"ImageObject\",\"inLanguage\":\"es-CO\",\"@id\":\"https:\\\/\\\/myaffordablebeautytips.com\\\/shop-planners\\\/#primaryimage\",\"url\":\"https:\\\/\\\/myaffordablebeautytips.com\\\/wp-content\\\/uploads\\\/2026\\\/02\\\/rise-and-shine-products-digital-1024x576.jpg\",\"contentUrl\":\"https:\\\/\\\/myaffordablebeautytips.com\\\/wp-content\\\/uploads\\\/2026\\\/02\\\/rise-and-shine-products-digital-1024x576.jpg\"},{\"@type\":\"BreadcrumbList\",\"@id\":\"https:\\\/\\\/myaffordablebeautytips.com\\\/shop-planners\\\/#breadcrumb\",\"itemListElement\":[{\"@type\":\"ListItem\",\"position\":1,\"name\":\"Home\",\"item\":\"https:\\\/\\\/myaffordablebeautytips.com\\\/\"},{\"@type\":\"ListItem\",\"position\":2,\"name\":\"Shop Digital Products\"}]},{\"@type\":\"WebSite\",\"@id\":\"https:\\\/\\\/myaffordablebeautytips.com\\\/#website\",\"url\":\"https:\\\/\\\/myaffordablebeautytips.com\\\/\",\"name\":\"My Affordable Beauty Tips\",\"description\":\"Beauty Beyond Skin \\\/ Creator of Rise and Shine Mindset\",\"potentialAction\":[{\"@type\":\"SearchAction\",\"target\":{\"@type\":\"EntryPoint\",\"urlTemplate\":\"https:\\\/\\\/myaffordablebeautytips.com\\\/?s={search_term_string}\"},\"query-input\":{\"@type\":\"PropertyValueSpecification\",\"valueRequired\":true,\"valueName\":\"search_term_string\"}}],\"inLanguage\":\"es-CO\"}]}<\/script>\n<!-- \/ Yoast SEO Premium plugin. -->","yoast_head_json":{"title":"Comprar productos digitales - Mis consejos de belleza asequibles","description":"Explore mis productos digitales, que incluyen planificadores, gu\u00edas de autocuidado, apuntes para el diario y mucho m\u00e1s. Encuentre las herramientas que necesita para su crecimiento.","robots":{"index":"index","follow":"follow","max-snippet":"max-snippet:-1","max-image-preview":"max-image-preview:large","max-video-preview":"max-video-preview:-1"},"canonical":"https:\/\/myaffordablebeautytips.com\/es\/planificadores-de-la-tienda\/","og_locale":"es_ES","og_type":"article","og_title":"Shop Digital Products","og_description":"Explore my digital products, including planners, self-care guides, journaling prompts, and more! Find the tools you need for your growth.","og_url":"https:\/\/myaffordablebeautytips.com\/es\/planificadores-de-la-tienda\/","og_site_name":"My Affordable Beauty Tips","article_modified_time":"2026-02-23T19:46:52+00:00","og_image":[{"url":"https:\/\/myaffordablebeautytips.com\/wp-content\/uploads\/2026\/02\/rise-and-shine-products-digital-1024x576.jpg","type":"","width":"","height":""}],"twitter_card":"summary_large_image","twitter_misc":{"Tiempo de lectura":"1 minuto"},"schema":{"@context":"https:\/\/schema.org","@graph":[{"@type":"WebPage","@id":"https:\/\/myaffordablebeautytips.com\/shop-planners\/","url":"https:\/\/myaffordablebeautytips.com\/shop-planners\/","name":"Comprar productos digitales - Mis consejos de belleza asequibles","isPartOf":{"@id":"https:\/\/myaffordablebeautytips.com\/#website"},"primaryImageOfPage":{"@id":"https:\/\/myaffordablebeautytips.com\/shop-planners\/#primaryimage"},"image":{"@id":"https:\/\/myaffordablebeautytips.com\/shop-planners\/#primaryimage"},"thumbnailUrl":"https:\/\/myaffordablebeautytips.com\/wp-content\/uploads\/2026\/02\/rise-and-shine-products-digital-1024x576.jpg","datePublished":"2022-09-01T15:38:12+00:00","dateModified":"2026-02-23T19:46:52+00:00","description":"Explore mis productos digitales, que incluyen planificadores, gu\u00edas de autocuidado, apuntes para el diario y mucho m\u00e1s. Encuentre las herramientas que necesita para su crecimiento.","breadcrumb":{"@id":"https:\/\/myaffordablebeautytips.com\/shop-planners\/#breadcrumb"},"inLanguage":"es-CO","potentialAction":[{"@type":"ReadAction","target":["https:\/\/myaffordablebeautytips.com\/shop-planners\/"]}]},{"@type":"ImageObject","inLanguage":"es-CO","@id":"https:\/\/myaffordablebeautytips.com\/shop-planners\/#primaryimage","url":"https:\/\/myaffordablebeautytips.com\/wp-content\/uploads\/2026\/02\/rise-and-shine-products-digital-1024x576.jpg","contentUrl":"https:\/\/myaffordablebeautytips.com\/wp-content\/uploads\/2026\/02\/rise-and-shine-products-digital-1024x576.jpg"},{"@type":"BreadcrumbList","@id":"https:\/\/myaffordablebeautytips.com\/shop-planners\/#breadcrumb","itemListElement":[{"@type":"ListItem","position":1,"name":"Home","item":"https:\/\/myaffordablebeautytips.com\/"},{"@type":"ListItem","position":2,"name":"Shop Digital Products"}]},{"@type":"WebSite","@id":"https:\/\/myaffordablebeautytips.com\/#website","url":"https:\/\/myaffordablebeautytips.com\/","name":"Mis consejos de belleza asequibles","description":"Belleza m\u00e1s all\u00e1 de la piel \/ Creadora de Rise and Shine Mindset","potentialAction":[{"@type":"SearchAction","target":{"@type":"EntryPoint","urlTemplate":"https:\/\/myaffordablebeautytips.com\/?s={search_term_string}"},"query-input":{"@type":"PropertyValueSpecification","valueRequired":true,"valueName":"search_term_string"}}],"inLanguage":"es-CO"}]}},"jetpack_sharing_enabled":true,"amp_enabled":true,"_links":{"self":[{"href":"https:\/\/myaffordablebeautytips.com\/es\/wp-json\/wp\/v2\/pages\/4558","targetHints":{"allow":["GET"]}}],"collection":[{"href":"https:\/\/myaffordablebeautytips.com\/es\/wp-json\/wp\/v2\/pages"}],"about":[{"href":"https:\/\/myaffordablebeautytips.com\/es\/wp-json\/wp\/v2\/types\/page"}],"author":[{"embeddable":true,"href":"https:\/\/myaffordablebeautytips.com\/es\/wp-json\/wp\/v2\/users\/2"}],"replies":[{"embeddable":true,"href":"https:\/\/myaffordablebeautytips.com\/es\/wp-json\/wp\/v2\/comments?post=4558"}],"version-history":[{"count":3,"href":"https:\/\/myaffordablebeautytips.com\/es\/wp-json\/wp\/v2\/pages\/4558\/revisions"}],"predecessor-version":[{"id":10730,"href":"https:\/\/myaffordablebeautytips.com\/es\/wp-json\/wp\/v2\/pages\/4558\/revisions\/10730"}],"wp:attachment":[{"href":"https:\/\/myaffordablebeautytips.com\/es\/wp-json\/wp\/v2\/media?parent=4558"}],"curies":[{"name":"wp","href":"https:\/\/api.w.org\/{rel}","templated":true}]}}