{"id":445,"date":"2020-09-29T19:16:30","date_gmt":"2020-09-29T19:16:30","guid":{"rendered":"https:\/\/myaffordablebeautytips.com\/?page_id=445"},"modified":"2026-02-23T15:18:41","modified_gmt":"2026-02-23T20:18:41","slug":"favoritos-de-belleza","status":"publish","type":"page","link":"https:\/\/myaffordablebeautytips.com\/es\/shop-beauty-favorites\/","title":{"rendered":"Favoritos de belleza"},"content":{"rendered":"<p class=\"\">\u00a1Hola, bellezas! Aqu\u00ed pueden encontrar mis productos de belleza favoritos, tanto los m\u00e1s asequibles como los de farmacia y los de alta gama. Compren todo lo relacionado con maquillaje, cuidado de la piel, cuidado corporal y mucho m\u00e1s. Aqu\u00ed tienen una lista de productos que recomiendo encarecidamente y que forman parte de mi colecci\u00f3n.\ud83d\udc96<\/p>\n\n\n\n<p class=\"\">Adem\u00e1s, encuentre el enlace a mi tienda de Amazon, donde comparto todos los productos que he probado y recomiendo, incluyendo productos para el cuidado personal, el hogar, libros y mucho m\u00e1s.<\/p>\n\n\n\n<p class=\"\"><em><strong>Descargo de responsabilidad: <\/strong>Puede haber enlaces de afiliados en este post. Si compra a trav\u00e9s de estos enlaces, puede que gane una peque\u00f1a comisi\u00f3n sin coste alguno para usted.<\/em><\/p>\n\n\n\n<h4 class=\"wp-block-heading has-text-align-center\" id=\"h-this-page-is-about-nbsp-shop-beauty-favorites\"><strong>Esta p\u00e1gina est\u00e1 sobre el Tienda Favoritos Belleza.<\/strong><\/h4>\n\n\n\n<hr class=\"wp-block-separator has-css-opacity\"\/>\n\n\n\n<h6 class=\"wp-block-heading has-text-align-center\" id=\"h-all-my-favorite-beauty-products-are-on-my-shoplist-store\">Todos mis productos de belleza favoritos est\u00e1n en mi tienda SHOPLIST.<\/h6>\n\n\n\n<figure class=\"wp-block-image size-large\"><a href=\"https:\/\/shopmy.us\/shop\/myaffordablebeautytips\" target=\"_blank\" rel=\"nofollow noreferrer noopener\"><img data-recalc-dims=\"1\" decoding=\"async\" width=\"1024\" height=\"576\" src=\"https:\/\/i0.wp.com\/myaffordablebeautytips.com\/wp-content\/uploads\/2026\/02\/beauty-favorites.jpg?resize=1024%2C576&#038;quality=89&#038;ssl=1\" alt=\"favoritos de belleza\" class=\"wp-image-10731\" srcset=\"https:\/\/i0.wp.com\/myaffordablebeautytips.com\/wp-content\/uploads\/2026\/02\/beauty-favorites.jpg?resize=1024%2C576&amp;quality=89&amp;ssl=1 1024w, https:\/\/i0.wp.com\/myaffordablebeautytips.com\/wp-content\/uploads\/2026\/02\/beauty-favorites.jpg?resize=300%2C169&amp;quality=89&amp;ssl=1 300w, https:\/\/i0.wp.com\/myaffordablebeautytips.com\/wp-content\/uploads\/2026\/02\/beauty-favorites.jpg?resize=768%2C432&amp;quality=89&amp;ssl=1 768w, https:\/\/i0.wp.com\/myaffordablebeautytips.com\/wp-content\/uploads\/2026\/02\/beauty-favorites.jpg?resize=1536%2C864&amp;quality=89&amp;ssl=1 1536w, https:\/\/i0.wp.com\/myaffordablebeautytips.com\/wp-content\/uploads\/2026\/02\/beauty-favorites.jpg?resize=18%2C10&amp;quality=89&amp;ssl=1 18w, https:\/\/i0.wp.com\/myaffordablebeautytips.com\/wp-content\/uploads\/2026\/02\/beauty-favorites.jpg?resize=800%2C450&amp;quality=89&amp;ssl=1 800w, https:\/\/i0.wp.com\/myaffordablebeautytips.com\/wp-content\/uploads\/2026\/02\/beauty-favorites.jpg?w=1920&amp;quality=89&amp;ssl=1 1920w\" sizes=\"(max-width: 1024px) 100vw, 1024px\" \/><\/a><\/figure>\n\n\n\n<h6 class=\"wp-block-heading has-text-align-center\" id=\"h-find-all-my-product-recommendations-from-amazon-here-makeup-skincare-accessories-home-and-more\"><strong>Encuentre aqu\u00ed todas mis recomendaciones de productos de Amazon: maquillaje, cuidado de la piel, accesorios, hogar y mucho m\u00e1s.<\/strong><\/h6>\n\n\n\n<figure class=\"wp-block-image size-large\"><a href=\"http:\/\/www.amazon.com\/shop\/myaffordablebeautytips\" target=\"_blank\" rel=\"NOFOLLOW noreferrer noopener\"><img data-recalc-dims=\"1\" decoding=\"async\" width=\"1024\" height=\"576\" src=\"https:\/\/i0.wp.com\/myaffordablebeautytips.com\/wp-content\/uploads\/2026\/02\/amazon-favorites.jpg?resize=1024%2C576&#038;quality=89&#038;ssl=1\" alt=\"Favoritos de belleza\" class=\"wp-image-10732\" srcset=\"https:\/\/i0.wp.com\/myaffordablebeautytips.com\/wp-content\/uploads\/2026\/02\/amazon-favorites.jpg?resize=1024%2C576&amp;quality=89&amp;ssl=1 1024w, https:\/\/i0.wp.com\/myaffordablebeautytips.com\/wp-content\/uploads\/2026\/02\/amazon-favorites.jpg?resize=300%2C169&amp;quality=89&amp;ssl=1 300w, https:\/\/i0.wp.com\/myaffordablebeautytips.com\/wp-content\/uploads\/2026\/02\/amazon-favorites.jpg?resize=768%2C432&amp;quality=89&amp;ssl=1 768w, https:\/\/i0.wp.com\/myaffordablebeautytips.com\/wp-content\/uploads\/2026\/02\/amazon-favorites.jpg?resize=1536%2C864&amp;quality=89&amp;ssl=1 1536w, https:\/\/i0.wp.com\/myaffordablebeautytips.com\/wp-content\/uploads\/2026\/02\/amazon-favorites.jpg?resize=18%2C10&amp;quality=89&amp;ssl=1 18w, https:\/\/i0.wp.com\/myaffordablebeautytips.com\/wp-content\/uploads\/2026\/02\/amazon-favorites.jpg?resize=800%2C450&amp;quality=89&amp;ssl=1 800w, https:\/\/i0.wp.com\/myaffordablebeautytips.com\/wp-content\/uploads\/2026\/02\/amazon-favorites.jpg?w=1920&amp;quality=89&amp;ssl=1 1920w\" sizes=\"(max-width: 1024px) 100vw, 1024px\" \/><\/a><\/figure>\n\n\n\n<h5 class=\"wp-block-heading has-text-align-center\" id=\"h-\"><\/h5>\n\n\n\n<p class=\"\">Con amor \u2764<\/p>\n\n\n\n<p class=\"\">Adriana<\/p>","protected":false},"excerpt":{"rendered":"<p>\u00a1Hola, bellezas! Aqu\u00ed pueden encontrar mis productos de belleza favoritos, tanto los m\u00e1s asequibles como los de farmacia y los de alta gama. Compren todo lo relacionado con maquillaje, cuidado de la piel, cuidado corporal y mucho m\u00e1s. Aqu\u00ed tienen una lista de productos que recomiendo encarecidamente y que forman parte de mi colecci\u00f3n.\ud83d\udc96\u2026<\/p>\n<p><a class=\"more-link\" href=\"https:\/\/myaffordablebeautytips.com\/es\/shop-beauty-favorites\/\">Leer m\u00e1s<\/a><\/p>","protected":false},"author":2,"featured_media":0,"parent":0,"menu_order":0,"comment_status":"closed","ping_status":"closed","template":"","meta":{"nf_dc_page":"","_monsterinsights_skip_tracking":false,"_monsterinsights_sitenote_active":false,"_monsterinsights_sitenote_note":"","_monsterinsights_sitenote_category":0,"_uf_show_specific_survey":0,"_uf_disable_surveys":false,"_genesis_hide_title":false,"_genesis_hide_breadcrumbs":false,"_genesis_hide_singular_image":false,"_genesis_hide_footer_widgets":false,"_genesis_custom_body_class":"","_genesis_custom_post_class":"","_genesis_layout":"","jetpack_post_was_ever_published":false,"footnotes":""},"class_list":{"0":"post-445","1":"page","2":"type-page","3":"status-publish","5":"entry","6":"has-post-thumbnail"},"yoast_head":"<!-- This site is optimized with the Yoast SEO Premium plugin v27.2 (Yoast SEO v27.4) - https:\/\/yoast.com\/product\/yoast-seo-premium-wordpress\/ -->\n<title>Shop Beauty Favorites - My Affordable Beauty Tips<\/title>\n<meta name=\"description\" content=\"Shop Beauty Favorites. Shop all my affordable favorite products. Find a list of my go-to products for Makeup, Skin-Body care, and more.\" \/>\n<meta name=\"robots\" content=\"index, follow, max-snippet:-1, max-image-preview:large, max-video-preview:-1\" \/>\n<link rel=\"canonical\" href=\"https:\/\/myaffordablebeautytips.com\/es\/favoritos-de-belleza\/\" \/>\n<meta property=\"og:locale\" content=\"es_ES\" \/>\n<meta property=\"og:type\" content=\"article\" \/>\n<meta property=\"og:title\" content=\"Shop Beauty Favorites\" \/>\n<meta property=\"og:description\" content=\"Shop Beauty Favorites. Shop all my affordable favorite products. Find a list of my go-to products for Makeup, Skin-Body care, and more.\" \/>\n<meta property=\"og:url\" content=\"https:\/\/myaffordablebeautytips.com\/es\/favoritos-de-belleza\/\" \/>\n<meta property=\"og:site_name\" content=\"My Affordable Beauty Tips\" \/>\n<meta property=\"article:modified_time\" content=\"2026-02-23T20:18:41+00:00\" \/>\n<meta property=\"og:image\" content=\"https:\/\/myaffordablebeautytips.com\/wp-content\/uploads\/2026\/02\/beauty-favorites-1024x576.jpg\" \/>\n<meta name=\"twitter:card\" content=\"summary_large_image\" \/>\n<meta name=\"twitter:label1\" content=\"Tiempo de lectura\" \/>\n\t<meta name=\"twitter:data1\" content=\"1 minuto\" \/>\n<script type=\"application\/ld+json\" class=\"yoast-schema-graph\">{\"@context\":\"https:\\\/\\\/schema.org\",\"@graph\":[{\"@type\":\"WebPage\",\"@id\":\"https:\\\/\\\/myaffordablebeautytips.com\\\/shop-beauty-favorites\\\/\",\"url\":\"https:\\\/\\\/myaffordablebeautytips.com\\\/shop-beauty-favorites\\\/\",\"name\":\"Shop Beauty Favorites - My Affordable Beauty Tips\",\"isPartOf\":{\"@id\":\"https:\\\/\\\/myaffordablebeautytips.com\\\/#website\"},\"primaryImageOfPage\":{\"@id\":\"https:\\\/\\\/myaffordablebeautytips.com\\\/shop-beauty-favorites\\\/#primaryimage\"},\"image\":{\"@id\":\"https:\\\/\\\/myaffordablebeautytips.com\\\/shop-beauty-favorites\\\/#primaryimage\"},\"thumbnailUrl\":\"https:\\\/\\\/myaffordablebeautytips.com\\\/wp-content\\\/uploads\\\/2026\\\/02\\\/beauty-favorites-1024x576.jpg\",\"datePublished\":\"2020-09-29T19:16:30+00:00\",\"dateModified\":\"2026-02-23T20:18:41+00:00\",\"description\":\"Shop Beauty Favorites. Shop all my affordable favorite products. Find a list of my go-to products for Makeup, Skin-Body care, and more.\",\"breadcrumb\":{\"@id\":\"https:\\\/\\\/myaffordablebeautytips.com\\\/shop-beauty-favorites\\\/#breadcrumb\"},\"inLanguage\":\"es-CO\",\"potentialAction\":[{\"@type\":\"ReadAction\",\"target\":[\"https:\\\/\\\/myaffordablebeautytips.com\\\/shop-beauty-favorites\\\/\"]}]},{\"@type\":\"ImageObject\",\"inLanguage\":\"es-CO\",\"@id\":\"https:\\\/\\\/myaffordablebeautytips.com\\\/shop-beauty-favorites\\\/#primaryimage\",\"url\":\"https:\\\/\\\/myaffordablebeautytips.com\\\/wp-content\\\/uploads\\\/2026\\\/02\\\/beauty-favorites-1024x576.jpg\",\"contentUrl\":\"https:\\\/\\\/myaffordablebeautytips.com\\\/wp-content\\\/uploads\\\/2026\\\/02\\\/beauty-favorites-1024x576.jpg\"},{\"@type\":\"BreadcrumbList\",\"@id\":\"https:\\\/\\\/myaffordablebeautytips.com\\\/shop-beauty-favorites\\\/#breadcrumb\",\"itemListElement\":[{\"@type\":\"ListItem\",\"position\":1,\"name\":\"Home\",\"item\":\"https:\\\/\\\/myaffordablebeautytips.com\\\/\"},{\"@type\":\"ListItem\",\"position\":2,\"name\":\"Shop Beauty Favorites\"}]},{\"@type\":\"WebSite\",\"@id\":\"https:\\\/\\\/myaffordablebeautytips.com\\\/#website\",\"url\":\"https:\\\/\\\/myaffordablebeautytips.com\\\/\",\"name\":\"My Affordable Beauty Tips\",\"description\":\"Beauty Beyond Skin \\\/ Creator of Rise and Shine Mindset\",\"potentialAction\":[{\"@type\":\"SearchAction\",\"target\":{\"@type\":\"EntryPoint\",\"urlTemplate\":\"https:\\\/\\\/myaffordablebeautytips.com\\\/?s={search_term_string}\"},\"query-input\":{\"@type\":\"PropertyValueSpecification\",\"valueRequired\":true,\"valueName\":\"search_term_string\"}}],\"inLanguage\":\"es-CO\"}]}<\/script>\n<!-- \/ Yoast SEO Premium plugin. -->","yoast_head_json":{"title":"Favoritos de belleza de la tienda - Mis consejos de belleza asequibles","description":"Comprar productos de belleza favoritos. Compre todos mis productos favoritos asequibles. Encuentre una lista de mis productos favoritos para maquillaje, cuidado de la piel y el cuerpo, y mucho m\u00e1s.","robots":{"index":"index","follow":"follow","max-snippet":"max-snippet:-1","max-image-preview":"max-image-preview:large","max-video-preview":"max-video-preview:-1"},"canonical":"https:\/\/myaffordablebeautytips.com\/es\/favoritos-de-belleza\/","og_locale":"es_ES","og_type":"article","og_title":"Shop Beauty Favorites","og_description":"Shop Beauty Favorites. Shop all my affordable favorite products. Find a list of my go-to products for Makeup, Skin-Body care, and more.","og_url":"https:\/\/myaffordablebeautytips.com\/es\/favoritos-de-belleza\/","og_site_name":"My Affordable Beauty Tips","article_modified_time":"2026-02-23T20:18:41+00:00","og_image":[{"url":"https:\/\/myaffordablebeautytips.com\/wp-content\/uploads\/2026\/02\/beauty-favorites-1024x576.jpg","type":"","width":"","height":""}],"twitter_card":"summary_large_image","twitter_misc":{"Tiempo de lectura":"1 minuto"},"schema":{"@context":"https:\/\/schema.org","@graph":[{"@type":"WebPage","@id":"https:\/\/myaffordablebeautytips.com\/shop-beauty-favorites\/","url":"https:\/\/myaffordablebeautytips.com\/shop-beauty-favorites\/","name":"Favoritos de belleza de la tienda - Mis consejos de belleza asequibles","isPartOf":{"@id":"https:\/\/myaffordablebeautytips.com\/#website"},"primaryImageOfPage":{"@id":"https:\/\/myaffordablebeautytips.com\/shop-beauty-favorites\/#primaryimage"},"image":{"@id":"https:\/\/myaffordablebeautytips.com\/shop-beauty-favorites\/#primaryimage"},"thumbnailUrl":"https:\/\/myaffordablebeautytips.com\/wp-content\/uploads\/2026\/02\/beauty-favorites-1024x576.jpg","datePublished":"2020-09-29T19:16:30+00:00","dateModified":"2026-02-23T20:18:41+00:00","description":"Comprar productos de belleza favoritos. Compre todos mis productos favoritos asequibles. Encuentre una lista de mis productos favoritos para maquillaje, cuidado de la piel y el cuerpo, y mucho m\u00e1s.","breadcrumb":{"@id":"https:\/\/myaffordablebeautytips.com\/shop-beauty-favorites\/#breadcrumb"},"inLanguage":"es-CO","potentialAction":[{"@type":"ReadAction","target":["https:\/\/myaffordablebeautytips.com\/shop-beauty-favorites\/"]}]},{"@type":"ImageObject","inLanguage":"es-CO","@id":"https:\/\/myaffordablebeautytips.com\/shop-beauty-favorites\/#primaryimage","url":"https:\/\/myaffordablebeautytips.com\/wp-content\/uploads\/2026\/02\/beauty-favorites-1024x576.jpg","contentUrl":"https:\/\/myaffordablebeautytips.com\/wp-content\/uploads\/2026\/02\/beauty-favorites-1024x576.jpg"},{"@type":"BreadcrumbList","@id":"https:\/\/myaffordablebeautytips.com\/shop-beauty-favorites\/#breadcrumb","itemListElement":[{"@type":"ListItem","position":1,"name":"Home","item":"https:\/\/myaffordablebeautytips.com\/"},{"@type":"ListItem","position":2,"name":"Shop Beauty Favorites"}]},{"@type":"WebSite","@id":"https:\/\/myaffordablebeautytips.com\/#website","url":"https:\/\/myaffordablebeautytips.com\/","name":"Mis consejos de belleza asequibles","description":"Belleza m\u00e1s all\u00e1 de la piel \/ Creadora de Rise and Shine Mindset","potentialAction":[{"@type":"SearchAction","target":{"@type":"EntryPoint","urlTemplate":"https:\/\/myaffordablebeautytips.com\/?s={search_term_string}"},"query-input":{"@type":"PropertyValueSpecification","valueRequired":true,"valueName":"search_term_string"}}],"inLanguage":"es-CO"}]}},"jetpack_sharing_enabled":true,"amp_enabled":true,"_links":{"self":[{"href":"https:\/\/myaffordablebeautytips.com\/es\/wp-json\/wp\/v2\/pages\/445","targetHints":{"allow":["GET"]}}],"collection":[{"href":"https:\/\/myaffordablebeautytips.com\/es\/wp-json\/wp\/v2\/pages"}],"about":[{"href":"https:\/\/myaffordablebeautytips.com\/es\/wp-json\/wp\/v2\/types\/page"}],"author":[{"embeddable":true,"href":"https:\/\/myaffordablebeautytips.com\/es\/wp-json\/wp\/v2\/users\/2"}],"replies":[{"embeddable":true,"href":"https:\/\/myaffordablebeautytips.com\/es\/wp-json\/wp\/v2\/comments?post=445"}],"version-history":[{"count":5,"href":"https:\/\/myaffordablebeautytips.com\/es\/wp-json\/wp\/v2\/pages\/445\/revisions"}],"predecessor-version":[{"id":10738,"href":"https:\/\/myaffordablebeautytips.com\/es\/wp-json\/wp\/v2\/pages\/445\/revisions\/10738"}],"wp:attachment":[{"href":"https:\/\/myaffordablebeautytips.com\/es\/wp-json\/wp\/v2\/media?parent=445"}],"curies":[{"name":"wp","href":"https:\/\/api.w.org\/{rel}","templated":true}]}}