{"id":179,"date":"2020-09-11T17:17:25","date_gmt":"2020-09-11T17:17:25","guid":{"rendered":"https:\/\/myaffordablebeautytips.com\/?page_id=179"},"modified":"2025-11-24T11:19:08","modified_gmt":"2025-11-24T16:19:08","slug":"pongase-en-contacto-con","status":"publish","type":"page","link":"https:\/\/myaffordablebeautytips.com\/es\/contact\/","title":{"rendered":"P\u00f3ngase en contacto con"},"content":{"rendered":"<p class=\"\">\u00a1Hola Bellezas!<\/p>\n\n\n\n<p class=\"\">No dude en ponerse en contacto conmigo en <strong><span \n                data-original-string='qR5fZ+PJDbI7ovtlUuXyYA==98daKLbMMmi60HaFftTmslJQDwDWE9G1ZcL4afchr7XdfE1rLrm6+ZZ9AorWRoqspDS'\n                class='apbct-email-encoder'\n                title='Este contacto ha sido codificado por Anti-Spam by CleanTalk. Haga clic para descodificarlo. Para finalizar la descodificaci\u00f3n aseg\u00farese de que JavaScript est\u00e1 activado en su navegador.'>mi<span class=\"apbct-blur\">********************<\/span>@<span class=\"apbct-blur\">***<\/span>il.com<\/span> <\/strong>si tiene alguna pregunta o sugerencia sobre mi blog.<\/p>\n\n\n\n<p class=\"\">Me encanta esta comunidad porque todos podemos ayudarnos, aprender y compartir nuestras experiencias. Estar\u00e9 encantada de responder a todas sus preguntas y escuchar lo que tengan que decir.<\/p>\n\n\n\n<p class=\"\">Si quiere saber m\u00e1s sobre m\u00ed, consulte el <a href=\"https:\/\/myaffordablebeautytips.com\/es\/sobre-mi\/\" target=\"_blank\" rel=\"noreferrer noopener\"><strong><em>Sobre m\u00ed<\/em><\/strong><\/a> p\u00e1gina. Tambi\u00e9n puede encontrarme en Pinterest e Instagram; mis enlaces a las redes sociales est\u00e1n en Follow<strong> <\/strong>widget situado en el sitio adecuado.<\/p>\n\n\n\n<p class=\"\">\u00a1Me encantar\u00eda tener noticias suyas pronto! <\/p>\n\n\n\n<p class=\"\">Con amor \u2764<\/p>\n\n\n\n<p class=\"\">Adriana<\/p>","protected":false},"excerpt":{"rendered":"<p>\u00a1Hola Bellezas! No dude en ponerse en contacto conmigo en mi********************@***il.com si tiene alguna pregunta o sugerencia sobre mi blog. Me encanta esta comunidad porque todas podemos ayudarnos, aprender y compartir nuestras experiencias. Estar\u00e9 encantada de...<\/p>\n<p><a class=\"more-link\" href=\"https:\/\/myaffordablebeautytips.com\/es\/contact\/\">Leer m\u00e1s<\/a><\/p>","protected":false},"author":2,"featured_media":0,"parent":0,"menu_order":0,"comment_status":"closed","ping_status":"closed","template":"","meta":{"nf_dc_page":"","_monsterinsights_skip_tracking":false,"_monsterinsights_sitenote_active":false,"_monsterinsights_sitenote_note":"","_monsterinsights_sitenote_category":0,"_uf_show_specific_survey":0,"_uf_disable_surveys":false,"_genesis_hide_title":false,"_genesis_hide_breadcrumbs":false,"_genesis_hide_singular_image":false,"_genesis_hide_footer_widgets":false,"_genesis_custom_body_class":"","_genesis_custom_post_class":"","_genesis_layout":"","jetpack_post_was_ever_published":false,"footnotes":""},"class_list":{"0":"post-179","1":"page","2":"type-page","3":"status-publish","5":"entry"},"yoast_head":"<!-- This site is optimized with the Yoast SEO Premium plugin v27.2 (Yoast SEO v27.4) - https:\/\/yoast.com\/product\/yoast-seo-premium-wordpress\/ -->\n<title>Contact - My Affordable Beauty Tips<\/title>\n<meta name=\"robots\" content=\"index, follow, max-snippet:-1, max-image-preview:large, max-video-preview:-1\" \/>\n<link rel=\"canonical\" href=\"https:\/\/myaffordablebeautytips.com\/es\/pongase-en-contacto-con\/\" \/>\n<meta property=\"og:locale\" content=\"es_ES\" \/>\n<meta property=\"og:type\" content=\"article\" \/>\n<meta property=\"og:title\" content=\"Contact\" \/>\n<meta property=\"og:description\" content=\"Hola Beauties! Please feel free to contact me at my********************@***il.com if you have any questions or suggestions regarding my blog. I love this community because we can all help each other, learn, and share our experiences. I&#8217;ll be thrilled to...Read More\" \/>\n<meta property=\"og:url\" content=\"https:\/\/myaffordablebeautytips.com\/es\/pongase-en-contacto-con\/\" \/>\n<meta property=\"og:site_name\" content=\"My Affordable Beauty Tips\" \/>\n<meta property=\"article:modified_time\" content=\"2025-11-24T16:19:08+00:00\" \/>\n<meta name=\"twitter:card\" content=\"summary_large_image\" \/>\n<meta name=\"twitter:label1\" content=\"Tiempo de lectura\" \/>\n\t<meta name=\"twitter:data1\" content=\"1 minuto\" \/>\n<script type=\"application\/ld+json\" class=\"yoast-schema-graph\">{\"@context\":\"https:\\\/\\\/schema.org\",\"@graph\":[{\"@type\":\"WebPage\",\"@id\":\"https:\\\/\\\/myaffordablebeautytips.com\\\/contact\\\/\",\"url\":\"https:\\\/\\\/myaffordablebeautytips.com\\\/contact\\\/\",\"name\":\"Contact - My Affordable Beauty Tips\",\"isPartOf\":{\"@id\":\"https:\\\/\\\/myaffordablebeautytips.com\\\/#website\"},\"datePublished\":\"2020-09-11T17:17:25+00:00\",\"dateModified\":\"2025-11-24T16:19:08+00:00\",\"breadcrumb\":{\"@id\":\"https:\\\/\\\/myaffordablebeautytips.com\\\/contact\\\/#breadcrumb\"},\"inLanguage\":\"es-CO\",\"potentialAction\":[{\"@type\":\"ReadAction\",\"target\":[\"https:\\\/\\\/myaffordablebeautytips.com\\\/contact\\\/\"]}]},{\"@type\":\"BreadcrumbList\",\"@id\":\"https:\\\/\\\/myaffordablebeautytips.com\\\/contact\\\/#breadcrumb\",\"itemListElement\":[{\"@type\":\"ListItem\",\"position\":1,\"name\":\"Home\",\"item\":\"https:\\\/\\\/myaffordablebeautytips.com\\\/\"},{\"@type\":\"ListItem\",\"position\":2,\"name\":\"Contact\"}]},{\"@type\":\"WebSite\",\"@id\":\"https:\\\/\\\/myaffordablebeautytips.com\\\/#website\",\"url\":\"https:\\\/\\\/myaffordablebeautytips.com\\\/\",\"name\":\"My Affordable Beauty Tips\",\"description\":\"Beauty Beyond Skin \\\/ Creator of Rise and Shine Mindset\",\"potentialAction\":[{\"@type\":\"SearchAction\",\"target\":{\"@type\":\"EntryPoint\",\"urlTemplate\":\"https:\\\/\\\/myaffordablebeautytips.com\\\/?s={search_term_string}\"},\"query-input\":{\"@type\":\"PropertyValueSpecification\",\"valueRequired\":true,\"valueName\":\"search_term_string\"}}],\"inLanguage\":\"es-CO\"}]}<\/script>\n<!-- \/ Yoast SEO Premium plugin. -->","yoast_head_json":{"title":"Contacto - Mis consejos de belleza asequibles","robots":{"index":"index","follow":"follow","max-snippet":"max-snippet:-1","max-image-preview":"max-image-preview:large","max-video-preview":"max-video-preview:-1"},"canonical":"https:\/\/myaffordablebeautytips.com\/es\/pongase-en-contacto-con\/","og_locale":"es_ES","og_type":"article","og_title":"Contact","og_description":"Hola Beauties! Please feel free to contact me at my********************@***il.com if you have any questions or suggestions regarding my blog. I love this community because we can all help each other, learn, and share our experiences. I&#8217;ll be thrilled to...Read More","og_url":"https:\/\/myaffordablebeautytips.com\/es\/pongase-en-contacto-con\/","og_site_name":"My Affordable Beauty Tips","article_modified_time":"2025-11-24T16:19:08+00:00","twitter_card":"summary_large_image","twitter_misc":{"Tiempo de lectura":"1 minuto"},"schema":{"@context":"https:\/\/schema.org","@graph":[{"@type":"WebPage","@id":"https:\/\/myaffordablebeautytips.com\/contact\/","url":"https:\/\/myaffordablebeautytips.com\/contact\/","name":"Contacto - Mis consejos de belleza asequibles","isPartOf":{"@id":"https:\/\/myaffordablebeautytips.com\/#website"},"datePublished":"2020-09-11T17:17:25+00:00","dateModified":"2025-11-24T16:19:08+00:00","breadcrumb":{"@id":"https:\/\/myaffordablebeautytips.com\/contact\/#breadcrumb"},"inLanguage":"es-CO","potentialAction":[{"@type":"ReadAction","target":["https:\/\/myaffordablebeautytips.com\/contact\/"]}]},{"@type":"BreadcrumbList","@id":"https:\/\/myaffordablebeautytips.com\/contact\/#breadcrumb","itemListElement":[{"@type":"ListItem","position":1,"name":"Home","item":"https:\/\/myaffordablebeautytips.com\/"},{"@type":"ListItem","position":2,"name":"Contact"}]},{"@type":"WebSite","@id":"https:\/\/myaffordablebeautytips.com\/#website","url":"https:\/\/myaffordablebeautytips.com\/","name":"Mis consejos de belleza asequibles","description":"Belleza m\u00e1s all\u00e1 de la piel \/ Creadora de Rise and Shine Mindset","potentialAction":[{"@type":"SearchAction","target":{"@type":"EntryPoint","urlTemplate":"https:\/\/myaffordablebeautytips.com\/?s={search_term_string}"},"query-input":{"@type":"PropertyValueSpecification","valueRequired":true,"valueName":"search_term_string"}}],"inLanguage":"es-CO"}]}},"jetpack_sharing_enabled":true,"amp_enabled":true,"_links":{"self":[{"href":"https:\/\/myaffordablebeautytips.com\/es\/wp-json\/wp\/v2\/pages\/179","targetHints":{"allow":["GET"]}}],"collection":[{"href":"https:\/\/myaffordablebeautytips.com\/es\/wp-json\/wp\/v2\/pages"}],"about":[{"href":"https:\/\/myaffordablebeautytips.com\/es\/wp-json\/wp\/v2\/types\/page"}],"author":[{"embeddable":true,"href":"https:\/\/myaffordablebeautytips.com\/es\/wp-json\/wp\/v2\/users\/2"}],"replies":[{"embeddable":true,"href":"https:\/\/myaffordablebeautytips.com\/es\/wp-json\/wp\/v2\/comments?post=179"}],"version-history":[{"count":5,"href":"https:\/\/myaffordablebeautytips.com\/es\/wp-json\/wp\/v2\/pages\/179\/revisions"}],"predecessor-version":[{"id":10442,"href":"https:\/\/myaffordablebeautytips.com\/es\/wp-json\/wp\/v2\/pages\/179\/revisions\/10442"}],"wp:attachment":[{"href":"https:\/\/myaffordablebeautytips.com\/es\/wp-json\/wp\/v2\/media?parent=179"}],"curies":[{"name":"wp","href":"https:\/\/api.w.org\/{rel}","templated":true}]}}