{"id":178,"date":"2020-08-02T20:03:24","date_gmt":"2020-08-02T20:03:24","guid":{"rendered":"https:\/\/myaffordablebeautytips.com\/?page_id=178"},"modified":"2024-11-03T08:27:53","modified_gmt":"2024-11-03T13:27:53","slug":"sobre-mi","status":"publish","type":"page","link":"https:\/\/myaffordablebeautytips.com\/es\/about-me\/","title":{"rendered":"Sobre m\u00ed"},"content":{"rendered":"<p class=\"\">\u00a1\u00a1\u00a1Hola !!! Soy Adriana. Gracias por visitar mi blog. Aqu\u00ed hay un poco m\u00e1s sobre m\u00ed.<\/p>\n\n\n\n<figure class=\"wp-block-gallery has-nested-images columns-default is-cropped wp-block-gallery-2 is-layout-flex wp-block-gallery-is-layout-flex\">\n<figure class=\"wp-block-image size-large\"><img data-recalc-dims=\"1\" decoding=\"async\" data-id=\"2844\" src=\"https:\/\/i0.wp.com\/myaffordablebeautytips.com\/wp-content\/uploads\/2021\/12\/My-affordable-beauty-tips.jpg?w=1100&#038;quality=89&#038;ssl=1\" alt=\"Sobre m\u00ed\" class=\"wp-image-2844\"\/><\/figure>\n<\/figure>\n\n\n\n<p class=\"\"><\/p>\n\n\n\n<h2 class=\"wp-block-heading\">Antecedentes<\/h2>\n\n\n\n<p class=\"\">Siempre he querido empezar un Blog y compartir mis ideas y recomendaciones sobre maquillaje y cuidado de la piel con los dem\u00e1s, pero era un poco dif\u00edcil concentrarse y encontrar el tiempo cuando estaba intentando construir mi carrera en Canad\u00e1.<\/p>\n\n\n\n<p class=\"\">Soy una chica de TI de 42 a\u00f1os con un t\u00edtulo en Ingenier\u00eda de Sistemas (S\u00ed, soy un poco nerd \ud83d\ude48 ) que siempre tuvo una pasi\u00f3n por la belleza y el cuidado personal sin romper el banco.<\/p>\n\n\n\n<p class=\"\">Nac\u00ed y crec\u00ed en Colombia, pero vivo en Canad\u00e1 desde hace 13 a\u00f1os. Mudarme a Canad\u00e1 fue una de las decisiones m\u00e1s dif\u00edciles que he tomado nunca. Dej\u00e9 a mi familia y mi trabajo y tuve que empezar mi carrera desde cero. Despu\u00e9s de muchos a\u00f1os de duro trabajo, puedo decir que mi vida est\u00e1 donde quer\u00eda que estuviera ( por ahora \ud83d\ude1c ).<\/p>\n\n\n\n<p class=\"\">Actualmente tengo un gran trabajo en mi campo y un gran hombre a mi lado que me apoya incondicionalmente. Vivimos a una hora de Toronto en nuestra casa con nuestro gato y nuestra nueva cachorrita, Luna. <\/p>\n\n\n\n<p class=\"\">Por fin siento que tengo los conocimientos, la mente y el tiempo para centrarme en este proyecto, que llevo tanto tiempo esperando.<\/p>\n\n\n\n<p class=\"\">Mi pasi\u00f3n por la belleza comenz\u00f3 a los veinte a\u00f1os. El maquillaje y el cuidado de la piel siempre me han hecho feliz.<\/p>\n\n\n\n<p class=\"\"><\/p>\n\n\n\n<h2 class=\"wp-block-heading\">Blog<\/h2>\n\n\n\n<p class=\"\">Realmente disfruto aprendiendo sobre maquillaje, creando looks, aprendiendo t\u00e9cnicas, probando nuevos productos y comparti\u00e9ndolos con mis amigas. Se pueden encontrar productos estupendos sin gastar mucho dinero, y no es necesario gastarse cientos de d\u00f3lares en un producto cuando se pueden encontrar opciones INCRE\u00cdBLES a un precio asequible.<\/p>\n\n\n\n<p class=\"\">Este blog se centrar\u00e1 principalmente en productos de belleza asequibles porque se puede sentir bien y guapa con cualquier presupuesto y revisar\u00e9 productos de gama alta para ver si merecen la pena. Al mismo tiempo, compartir\u00e9 consejos de autocuidado y mentalidad porque la belleza empieza desde dentro. Me apasiona una mentalidad sana, y como tengo algunos problemas de estr\u00e9s y ansiedad, he emprendido un viaje para aprender m\u00e1s sobre las formas de mejorar mi salud mental, y quiero compartirlo con los dem\u00e1s.<\/p>\n\n\n\n<p class=\"\">La organizaci\u00f3n es otra de mis pasiones. Como tengo un trabajo a tiempo completo y \u00e9ste es mi trabajo a tiempo parcial: la pasi\u00f3n, siempre me gusta mantener mis tareas organizadas para evitar sentirme abrumada. Por eso decid\u00ed crear mis propios planificadores y compartirlos con ustedes. Todos estos planificadores los he hecho yo y son muy asequibles. <\/p>\n\n\n\n<p class=\"\">Estoy tan emocionada de compartir mis consejos de belleza asequibles con todos ustedes, conocer gente nueva y aprender m\u00e1s sobre ustedes. \u00a1Espero que disfruten de este blog!<\/p>\n\n\n\n<p class=\"\">Bueno, esto es todo sobre m\u00ed.<\/p>\n\n\n\n<p class=\"\">Con amor \u2764<\/p>\n\n\n\n<p class=\"\">Adriana<\/p>","protected":false},"excerpt":{"rendered":"<p>\u00a1\u00a1\u00a1Hola !!! Soy Adriana. Gracias por visitar mi blog. Aqu\u00ed hay un poco m\u00e1s sobre m\u00ed. Antecedentes Siempre he querido empezar un Blog y compartir mis ideas y recomendaciones para el maquillaje y cuidado de la piel con los dem\u00e1s,...<\/p>\n<p><a class=\"more-link\" href=\"https:\/\/myaffordablebeautytips.com\/es\/about-me\/\">Leer m\u00e1s<\/a><\/p>","protected":false},"author":2,"featured_media":0,"parent":0,"menu_order":0,"comment_status":"closed","ping_status":"closed","template":"","meta":{"nf_dc_page":"","_monsterinsights_skip_tracking":false,"_monsterinsights_sitenote_active":false,"_monsterinsights_sitenote_note":"","_monsterinsights_sitenote_category":0,"_uf_show_specific_survey":0,"_uf_disable_surveys":false,"_genesis_hide_title":false,"_genesis_hide_breadcrumbs":false,"_genesis_hide_singular_image":false,"_genesis_hide_footer_widgets":false,"_genesis_custom_body_class":"","_genesis_custom_post_class":"","_genesis_layout":"","jetpack_post_was_ever_published":false,"footnotes":""},"class_list":{"0":"post-178","1":"page","2":"type-page","3":"status-publish","5":"entry","6":"has-post-thumbnail"},"yoast_head":"<!-- This site is optimized with the Yoast SEO Premium plugin v27.2 (Yoast SEO v27.4) - https:\/\/yoast.com\/product\/yoast-seo-premium-wordpress\/ -->\n<title>About me My Affordable Beauty Tips<\/title>\n<meta name=\"description\" content=\"About me. My Affordable Beauty Tips is a blog about beauty and mindset with recommendations and reviews for budget-friendly products.\" \/>\n<meta name=\"robots\" content=\"index, follow, max-snippet:-1, max-image-preview:large, max-video-preview:-1\" \/>\n<link rel=\"canonical\" href=\"https:\/\/myaffordablebeautytips.com\/es\/sobre-mi\/\" \/>\n<meta property=\"og:locale\" content=\"es_ES\" \/>\n<meta property=\"og:type\" content=\"article\" \/>\n<meta property=\"og:title\" content=\"About me\" \/>\n<meta property=\"og:description\" content=\"About me. My Affordable Beauty Tips is a blog about beauty and mindset with recommendations and reviews for budget-friendly products.\" \/>\n<meta property=\"og:url\" content=\"https:\/\/myaffordablebeautytips.com\/es\/sobre-mi\/\" \/>\n<meta property=\"og:site_name\" content=\"My Affordable Beauty Tips\" \/>\n<meta property=\"article:modified_time\" content=\"2024-11-03T13:27:53+00:00\" \/>\n<meta property=\"og:image\" content=\"https:\/\/myaffordablebeautytips.com\/wp-content\/uploads\/2021\/12\/My-affordable-beauty-tips.jpg\" \/>\n<meta name=\"twitter:card\" content=\"summary_large_image\" \/>\n<meta name=\"twitter:label1\" content=\"Tiempo de lectura\" \/>\n\t<meta name=\"twitter:data1\" content=\"3 minutos\" \/>\n<script type=\"application\/ld+json\" class=\"yoast-schema-graph\">{\"@context\":\"https:\\\/\\\/schema.org\",\"@graph\":[{\"@type\":\"WebPage\",\"@id\":\"https:\\\/\\\/myaffordablebeautytips.com\\\/about-me\\\/\",\"url\":\"https:\\\/\\\/myaffordablebeautytips.com\\\/about-me\\\/\",\"name\":\"About me My Affordable Beauty Tips\",\"isPartOf\":{\"@id\":\"https:\\\/\\\/myaffordablebeautytips.com\\\/#website\"},\"primaryImageOfPage\":{\"@id\":\"https:\\\/\\\/myaffordablebeautytips.com\\\/about-me\\\/#primaryimage\"},\"image\":{\"@id\":\"https:\\\/\\\/myaffordablebeautytips.com\\\/about-me\\\/#primaryimage\"},\"thumbnailUrl\":\"https:\\\/\\\/myaffordablebeautytips.com\\\/wp-content\\\/uploads\\\/2021\\\/12\\\/My-affordable-beauty-tips.jpg\",\"datePublished\":\"2020-08-02T20:03:24+00:00\",\"dateModified\":\"2024-11-03T13:27:53+00:00\",\"description\":\"About me. My Affordable Beauty Tips is a blog about beauty and mindset with recommendations and reviews for budget-friendly products.\",\"breadcrumb\":{\"@id\":\"https:\\\/\\\/myaffordablebeautytips.com\\\/about-me\\\/#breadcrumb\"},\"inLanguage\":\"es-CO\",\"potentialAction\":[{\"@type\":\"ReadAction\",\"target\":[\"https:\\\/\\\/myaffordablebeautytips.com\\\/about-me\\\/\"]}]},{\"@type\":\"ImageObject\",\"inLanguage\":\"es-CO\",\"@id\":\"https:\\\/\\\/myaffordablebeautytips.com\\\/about-me\\\/#primaryimage\",\"url\":\"https:\\\/\\\/myaffordablebeautytips.com\\\/wp-content\\\/uploads\\\/2021\\\/12\\\/My-affordable-beauty-tips.jpg\",\"contentUrl\":\"https:\\\/\\\/myaffordablebeautytips.com\\\/wp-content\\\/uploads\\\/2021\\\/12\\\/My-affordable-beauty-tips.jpg\"},{\"@type\":\"BreadcrumbList\",\"@id\":\"https:\\\/\\\/myaffordablebeautytips.com\\\/about-me\\\/#breadcrumb\",\"itemListElement\":[{\"@type\":\"ListItem\",\"position\":1,\"name\":\"Home\",\"item\":\"https:\\\/\\\/myaffordablebeautytips.com\\\/\"},{\"@type\":\"ListItem\",\"position\":2,\"name\":\"About me\"}]},{\"@type\":\"WebSite\",\"@id\":\"https:\\\/\\\/myaffordablebeautytips.com\\\/#website\",\"url\":\"https:\\\/\\\/myaffordablebeautytips.com\\\/\",\"name\":\"My Affordable Beauty Tips\",\"description\":\"Beauty Beyond Skin \\\/ Creator of Rise and Shine Mindset\",\"potentialAction\":[{\"@type\":\"SearchAction\",\"target\":{\"@type\":\"EntryPoint\",\"urlTemplate\":\"https:\\\/\\\/myaffordablebeautytips.com\\\/?s={search_term_string}\"},\"query-input\":{\"@type\":\"PropertyValueSpecification\",\"valueRequired\":true,\"valueName\":\"search_term_string\"}}],\"inLanguage\":\"es-CO\"}]}<\/script>\n<!-- \/ Yoast SEO Premium plugin. -->","yoast_head_json":{"title":"Sobre m\u00ed Mis consejos de belleza asequibles","description":"Sobre m\u00ed. My Affordable Beauty Tips es un blog sobre belleza y mentalidad con recomendaciones y rese\u00f1as de productos asequibles.","robots":{"index":"index","follow":"follow","max-snippet":"max-snippet:-1","max-image-preview":"max-image-preview:large","max-video-preview":"max-video-preview:-1"},"canonical":"https:\/\/myaffordablebeautytips.com\/es\/sobre-mi\/","og_locale":"es_ES","og_type":"article","og_title":"About me","og_description":"About me. My Affordable Beauty Tips is a blog about beauty and mindset with recommendations and reviews for budget-friendly products.","og_url":"https:\/\/myaffordablebeautytips.com\/es\/sobre-mi\/","og_site_name":"My Affordable Beauty Tips","article_modified_time":"2024-11-03T13:27:53+00:00","og_image":[{"url":"https:\/\/myaffordablebeautytips.com\/wp-content\/uploads\/2021\/12\/My-affordable-beauty-tips.jpg","type":"","width":"","height":""}],"twitter_card":"summary_large_image","twitter_misc":{"Tiempo de lectura":"3 minutos"},"schema":{"@context":"https:\/\/schema.org","@graph":[{"@type":"WebPage","@id":"https:\/\/myaffordablebeautytips.com\/about-me\/","url":"https:\/\/myaffordablebeautytips.com\/about-me\/","name":"Sobre m\u00ed Mis consejos de belleza asequibles","isPartOf":{"@id":"https:\/\/myaffordablebeautytips.com\/#website"},"primaryImageOfPage":{"@id":"https:\/\/myaffordablebeautytips.com\/about-me\/#primaryimage"},"image":{"@id":"https:\/\/myaffordablebeautytips.com\/about-me\/#primaryimage"},"thumbnailUrl":"https:\/\/myaffordablebeautytips.com\/wp-content\/uploads\/2021\/12\/My-affordable-beauty-tips.jpg","datePublished":"2020-08-02T20:03:24+00:00","dateModified":"2024-11-03T13:27:53+00:00","description":"Sobre m\u00ed. My Affordable Beauty Tips es un blog sobre belleza y mentalidad con recomendaciones y rese\u00f1as de productos asequibles.","breadcrumb":{"@id":"https:\/\/myaffordablebeautytips.com\/about-me\/#breadcrumb"},"inLanguage":"es-CO","potentialAction":[{"@type":"ReadAction","target":["https:\/\/myaffordablebeautytips.com\/about-me\/"]}]},{"@type":"ImageObject","inLanguage":"es-CO","@id":"https:\/\/myaffordablebeautytips.com\/about-me\/#primaryimage","url":"https:\/\/myaffordablebeautytips.com\/wp-content\/uploads\/2021\/12\/My-affordable-beauty-tips.jpg","contentUrl":"https:\/\/myaffordablebeautytips.com\/wp-content\/uploads\/2021\/12\/My-affordable-beauty-tips.jpg"},{"@type":"BreadcrumbList","@id":"https:\/\/myaffordablebeautytips.com\/about-me\/#breadcrumb","itemListElement":[{"@type":"ListItem","position":1,"name":"Home","item":"https:\/\/myaffordablebeautytips.com\/"},{"@type":"ListItem","position":2,"name":"About me"}]},{"@type":"WebSite","@id":"https:\/\/myaffordablebeautytips.com\/#website","url":"https:\/\/myaffordablebeautytips.com\/","name":"Mis consejos de belleza asequibles","description":"Belleza m\u00e1s all\u00e1 de la piel \/ Creadora de Rise and Shine Mindset","potentialAction":[{"@type":"SearchAction","target":{"@type":"EntryPoint","urlTemplate":"https:\/\/myaffordablebeautytips.com\/?s={search_term_string}"},"query-input":{"@type":"PropertyValueSpecification","valueRequired":true,"valueName":"search_term_string"}}],"inLanguage":"es-CO"}]}},"jetpack_sharing_enabled":true,"amp_enabled":true,"_links":{"self":[{"href":"https:\/\/myaffordablebeautytips.com\/es\/wp-json\/wp\/v2\/pages\/178","targetHints":{"allow":["GET"]}}],"collection":[{"href":"https:\/\/myaffordablebeautytips.com\/es\/wp-json\/wp\/v2\/pages"}],"about":[{"href":"https:\/\/myaffordablebeautytips.com\/es\/wp-json\/wp\/v2\/types\/page"}],"author":[{"embeddable":true,"href":"https:\/\/myaffordablebeautytips.com\/es\/wp-json\/wp\/v2\/users\/2"}],"replies":[{"embeddable":true,"href":"https:\/\/myaffordablebeautytips.com\/es\/wp-json\/wp\/v2\/comments?post=178"}],"version-history":[{"count":5,"href":"https:\/\/myaffordablebeautytips.com\/es\/wp-json\/wp\/v2\/pages\/178\/revisions"}],"predecessor-version":[{"id":8322,"href":"https:\/\/myaffordablebeautytips.com\/es\/wp-json\/wp\/v2\/pages\/178\/revisions\/8322"}],"wp:attachment":[{"href":"https:\/\/myaffordablebeautytips.com\/es\/wp-json\/wp\/v2\/media?parent=178"}],"curies":[{"name":"wp","href":"https:\/\/api.w.org\/{rel}","templated":true}]}}