{"id":1127,"date":"2021-03-17T12:52:31","date_gmt":"2021-03-17T12:52:31","guid":{"rendered":"https:\/\/myaffordablebeautytips.com\/terms-of-use\/"},"modified":"2021-06-14T22:21:46","modified_gmt":"2021-06-14T22:21:46","slug":"condiciones-de-uso","status":"publish","type":"page","link":"https:\/\/myaffordablebeautytips.com\/es\/terms-of-use\/","title":{"rendered":"Condiciones de uso"},"content":{"rendered":"<p>Estas Condiciones rigen su acceso y uso de todos los contenidos, Productos y Servicios disponibles en el sitio web https:\/\/myaffordablebeautytips.com (el \"Servicio\") operado por (\"nosotros\", \"nos\" o \"nuestro\").<\/p>\n<p>Su acceso a nuestros servicios est\u00e1 sujeto a la aceptaci\u00f3n por su parte, sin modificaci\u00f3n alguna, de todos los t\u00e9rminos y condiciones aqu\u00ed contenidos y de todas las dem\u00e1s normas y pol\u00edticas de funcionamiento publicadas y que podamos publicar peri\u00f3dicamente.<\/p>\n<p>Por favor, lea atentamente el Acuerdo antes de acceder o utilizar nuestros Servicios. Al acceder o utilizar cualquier parte de nuestros Servicios, usted acepta quedar vinculado por estas Condiciones. Si no est\u00e1 de acuerdo con alguna parte de los t\u00e9rminos del Acuerdo, no podr\u00e1 acceder ni utilizar nuestros Servicios.<\/p>\n<h6>Propiedad intelectual<\/h6>\n<p>El Acuerdo no transfiere de Nosotros a usted ninguna propiedad intelectual nuestra o de terceros, y todos los derechos, t\u00edtulos e intereses sobre y para dicha propiedad permanecer\u00e1n (entre las partes) \u00fanicamente con y sus licenciantes.<\/p>\n<h6>Servicios de terceros<\/h6>\n<p>Al utilizar los Servicios, es posible que utilice servicios, productos, software, incrustaciones o aplicaciones desarrollados por terceros (\"Servicios de terceros\").<\/p>\n<p>Si utiliza cualquier Servicio de Terceros, usted entiende que:<\/p>\n<ul>\n<li>Cualquier uso de un Servicio de Terceros corre por su cuenta y riesgo, y no seremos responsables ante nadie por los sitios web o Servicios de Terceros.<\/li>\n<li>Usted reconoce y acepta que no seremos responsables de ning\u00fan da\u00f1o o p\u00e9rdida causado o supuestamente causado por o en relaci\u00f3n con el uso de cualquier contenido, bienes o servicios disponibles en o a trav\u00e9s de cualquiera de dichos sitios web o servicios.<\/li>\n<\/ul>\n<h6>Cuentas<\/h6>\n<p>Cuando el uso de cualquier parte de nuestros Servicios requiera una cuenta, usted se compromete a proporcionarnos informaci\u00f3n completa y precisa cuando se registre para obtener una cuenta.<\/p>\n<p>Usted ser\u00e1 el \u00fanico responsable de cualquier actividad que se produzca en su cuenta. Usted es responsable de mantener actualizada la informaci\u00f3n de su cuenta y de mantener segura su contrase\u00f1a.<\/p>\n<p>Usted es responsable de mantener la seguridad de la cuenta que utiliza para acceder al Servicio. No compartir\u00e1 ni har\u00e1 un uso indebido de sus credenciales de acceso. Deber\u00e1 notificarnos inmediatamente cualquier uso no autorizado de su cuenta o al tener conocimiento de cualquier otra violaci\u00f3n de la seguridad.<\/p>\n<h6>Terminaci\u00f3n<\/h6>\n<p>Podemos terminar o suspender su acceso a la totalidad o parte de nuestros Servicios en cualquier momento, con o sin causa, con o sin previo aviso, con efecto inmediato.<\/p>\n<p>Si desea rescindir el Acuerdo o su cuenta, puede simplemente dejar de utilizar nuestros Servicios.<\/p>\n<p>Todas las disposiciones del Acuerdo que por su naturaleza deban sobrevivir a la rescisi\u00f3n sobrevivir\u00e1n a la rescisi\u00f3n, incluyendo, sin limitaci\u00f3n, las disposiciones de propiedad, renuncias de garant\u00eda, indemnizaci\u00f3n y limitaciones de responsabilidad.<\/p>\n<h6>Descargo de responsabilidad<\/h6>\n<p>Nuestros Servicios se proporcionan \"TAL CUAL\" y \"SEG\u00daN DISPONIBILIDAD\". y sus proveedores y licenciantes renuncian por la presente a todas las garant\u00edas de cualquier tipo, expresas o impl\u00edcitas, incluidas, entre otras, las garant\u00edas de comerciabilidad, idoneidad para un fin determinado y no infracci\u00f3n. Ni usted, ni sus proveedores y licenciantes, garantizan que nuestros Servicios est\u00e9n libres de errores o que el acceso a los mismos sea continuo o ininterrumpido. Usted entiende que descarga de, u obtiene de otro modo contenidos o servicios a trav\u00e9s de, nuestros Servicios a su propia discreci\u00f3n y riesgo.<\/p>\n<h6>Jurisdicci\u00f3n y ley aplicable<\/h6>\n<p>Salvo en la medida en que alguna ley aplicable disponga lo contrario, el Acuerdo y cualquier acceso o uso de nuestros Servicios se regir\u00e1n por las leyes de Canad\u00e1.<\/p>\n<p>El lugar adecuado para cualquier disputa que surja de o est\u00e9 relacionada con el Acuerdo y cualquier acceso o uso de nuestros Servicios ser\u00e1n los tribunales estatales y federales ubicados en Canad\u00e1.<\/p>\n<h6>Cambios<\/h6>\n<p>se reserva el derecho, a su entera discreci\u00f3n, de modificar o sustituir estas Condiciones en cualquier momento.<\/p>\n<p>Si realizamos cambios que sean sustanciales, se lo haremos saber public\u00e1ndolos en nuestra p\u00e1gina web, o envi\u00e1ndole un correo electr\u00f3nico u otro tipo de comunicaci\u00f3n antes de que los cambios entren en vigor. El aviso designar\u00e1 un plazo razonable tras el cual entrar\u00e1n en vigor las nuevas condiciones.<\/p>\n<p>Si no est\u00e1 de acuerdo con nuestros cambios, deber\u00e1 dejar de utilizar nuestros Servicios dentro del per\u00edodo de notificaci\u00f3n designado, o una vez que los cambios entren en vigor.<\/p>\n<p>Su uso continuado de nuestros Servicios estar\u00e1 sujeto a los nuevos t\u00e9rminos.<\/p>","protected":false},"excerpt":{"rendered":"<p>Estas Condiciones rigen su acceso y uso de todos los contenidos, Productos y Servicios disponibles en el sitio web https:\/\/myaffordablebeautytips.com (el \"Servicio\") operado por (\"nosotros\" o \"nuestro\"). Su acceso a nuestros servicios est\u00e1 sujeto a su aceptaci\u00f3n, sin modificaci\u00f3n, de todas...<\/p>\n<p><a class=\"more-link\" href=\"https:\/\/myaffordablebeautytips.com\/es\/terms-of-use\/\">Leer m\u00e1s<\/a><\/p>","protected":false},"author":1,"featured_media":0,"parent":0,"menu_order":0,"comment_status":"closed","ping_status":"closed","template":"","meta":{"nf_dc_page":"","_monsterinsights_skip_tracking":false,"_monsterinsights_sitenote_active":false,"_monsterinsights_sitenote_note":"","_monsterinsights_sitenote_category":0,"_uf_show_specific_survey":0,"_uf_disable_surveys":false,"_genesis_hide_title":false,"_genesis_hide_breadcrumbs":false,"_genesis_hide_singular_image":false,"_genesis_hide_footer_widgets":false,"_genesis_custom_body_class":"","_genesis_custom_post_class":"","_genesis_layout":"","jetpack_post_was_ever_published":false,"footnotes":""},"class_list":{"0":"post-1127","1":"page","2":"type-page","3":"status-publish","5":"entry"},"yoast_head":"<!-- This site is optimized with the Yoast SEO Premium plugin v27.2 (Yoast SEO v27.4) - https:\/\/yoast.com\/product\/yoast-seo-premium-wordpress\/ -->\n<title>Terms of Use - My Affordable Beauty Tips<\/title>\n<meta name=\"robots\" content=\"index, follow, max-snippet:-1, max-image-preview:large, max-video-preview:-1\" \/>\n<link rel=\"canonical\" href=\"https:\/\/myaffordablebeautytips.com\/es\/condiciones-de-uso\/\" \/>\n<meta property=\"og:locale\" content=\"es_ES\" \/>\n<meta property=\"og:type\" content=\"article\" \/>\n<meta property=\"og:title\" content=\"Terms of Use\" \/>\n<meta property=\"og:description\" content=\"These Terms govern your access to, usage of all content, Product and Services available at https:\/\/myaffordablebeautytips.com website (the \u201cService\u201d) operated by (\u201cus,\u201d \u201cwe,\u201d or \u201cour\u201d). Your access to our services is subject to your acceptance, without modification, of all of...Read More\" \/>\n<meta property=\"og:url\" content=\"https:\/\/myaffordablebeautytips.com\/es\/condiciones-de-uso\/\" \/>\n<meta property=\"og:site_name\" content=\"My Affordable Beauty Tips\" \/>\n<meta property=\"article:modified_time\" content=\"2021-06-14T22:21:46+00:00\" \/>\n<meta name=\"twitter:card\" content=\"summary_large_image\" \/>\n<meta name=\"twitter:label1\" content=\"Tiempo de lectura\" \/>\n\t<meta name=\"twitter:data1\" content=\"4 minutos\" \/>\n<script type=\"application\/ld+json\" class=\"yoast-schema-graph\">{\"@context\":\"https:\\\/\\\/schema.org\",\"@graph\":[{\"@type\":\"WebPage\",\"@id\":\"https:\\\/\\\/myaffordablebeautytips.com\\\/terms-of-use\\\/\",\"url\":\"https:\\\/\\\/myaffordablebeautytips.com\\\/terms-of-use\\\/\",\"name\":\"Terms of Use - My Affordable Beauty Tips\",\"isPartOf\":{\"@id\":\"https:\\\/\\\/myaffordablebeautytips.com\\\/#website\"},\"datePublished\":\"2021-03-17T12:52:31+00:00\",\"dateModified\":\"2021-06-14T22:21:46+00:00\",\"breadcrumb\":{\"@id\":\"https:\\\/\\\/myaffordablebeautytips.com\\\/terms-of-use\\\/#breadcrumb\"},\"inLanguage\":\"es-CO\",\"potentialAction\":[{\"@type\":\"ReadAction\",\"target\":[\"https:\\\/\\\/myaffordablebeautytips.com\\\/terms-of-use\\\/\"]}]},{\"@type\":\"BreadcrumbList\",\"@id\":\"https:\\\/\\\/myaffordablebeautytips.com\\\/terms-of-use\\\/#breadcrumb\",\"itemListElement\":[{\"@type\":\"ListItem\",\"position\":1,\"name\":\"Home\",\"item\":\"https:\\\/\\\/myaffordablebeautytips.com\\\/\"},{\"@type\":\"ListItem\",\"position\":2,\"name\":\"Terms of Use\"}]},{\"@type\":\"WebSite\",\"@id\":\"https:\\\/\\\/myaffordablebeautytips.com\\\/#website\",\"url\":\"https:\\\/\\\/myaffordablebeautytips.com\\\/\",\"name\":\"My Affordable Beauty Tips\",\"description\":\"Beauty Beyond Skin \\\/ Creator of Rise and Shine Mindset\",\"potentialAction\":[{\"@type\":\"SearchAction\",\"target\":{\"@type\":\"EntryPoint\",\"urlTemplate\":\"https:\\\/\\\/myaffordablebeautytips.com\\\/?s={search_term_string}\"},\"query-input\":{\"@type\":\"PropertyValueSpecification\",\"valueRequired\":true,\"valueName\":\"search_term_string\"}}],\"inLanguage\":\"es-CO\"}]}<\/script>\n<!-- \/ Yoast SEO Premium plugin. -->","yoast_head_json":{"title":"Condiciones de uso - My Affordable Beauty Tips","robots":{"index":"index","follow":"follow","max-snippet":"max-snippet:-1","max-image-preview":"max-image-preview:large","max-video-preview":"max-video-preview:-1"},"canonical":"https:\/\/myaffordablebeautytips.com\/es\/condiciones-de-uso\/","og_locale":"es_ES","og_type":"article","og_title":"Terms of Use","og_description":"These Terms govern your access to, usage of all content, Product and Services available at https:\/\/myaffordablebeautytips.com website (the \u201cService\u201d) operated by (\u201cus,\u201d \u201cwe,\u201d or \u201cour\u201d). Your access to our services is subject to your acceptance, without modification, of all of...Read More","og_url":"https:\/\/myaffordablebeautytips.com\/es\/condiciones-de-uso\/","og_site_name":"My Affordable Beauty Tips","article_modified_time":"2021-06-14T22:21:46+00:00","twitter_card":"summary_large_image","twitter_misc":{"Tiempo de lectura":"4 minutos"},"schema":{"@context":"https:\/\/schema.org","@graph":[{"@type":"WebPage","@id":"https:\/\/myaffordablebeautytips.com\/terms-of-use\/","url":"https:\/\/myaffordablebeautytips.com\/terms-of-use\/","name":"Condiciones de uso - My Affordable Beauty Tips","isPartOf":{"@id":"https:\/\/myaffordablebeautytips.com\/#website"},"datePublished":"2021-03-17T12:52:31+00:00","dateModified":"2021-06-14T22:21:46+00:00","breadcrumb":{"@id":"https:\/\/myaffordablebeautytips.com\/terms-of-use\/#breadcrumb"},"inLanguage":"es-CO","potentialAction":[{"@type":"ReadAction","target":["https:\/\/myaffordablebeautytips.com\/terms-of-use\/"]}]},{"@type":"BreadcrumbList","@id":"https:\/\/myaffordablebeautytips.com\/terms-of-use\/#breadcrumb","itemListElement":[{"@type":"ListItem","position":1,"name":"Home","item":"https:\/\/myaffordablebeautytips.com\/"},{"@type":"ListItem","position":2,"name":"Terms of Use"}]},{"@type":"WebSite","@id":"https:\/\/myaffordablebeautytips.com\/#website","url":"https:\/\/myaffordablebeautytips.com\/","name":"Mis consejos de belleza asequibles","description":"Belleza m\u00e1s all\u00e1 de la piel \/ Creadora de Rise and Shine Mindset","potentialAction":[{"@type":"SearchAction","target":{"@type":"EntryPoint","urlTemplate":"https:\/\/myaffordablebeautytips.com\/?s={search_term_string}"},"query-input":{"@type":"PropertyValueSpecification","valueRequired":true,"valueName":"search_term_string"}}],"inLanguage":"es-CO"}]}},"jetpack_sharing_enabled":true,"amp_enabled":true,"_links":{"self":[{"href":"https:\/\/myaffordablebeautytips.com\/es\/wp-json\/wp\/v2\/pages\/1127","targetHints":{"allow":["GET"]}}],"collection":[{"href":"https:\/\/myaffordablebeautytips.com\/es\/wp-json\/wp\/v2\/pages"}],"about":[{"href":"https:\/\/myaffordablebeautytips.com\/es\/wp-json\/wp\/v2\/types\/page"}],"author":[{"embeddable":true,"href":"https:\/\/myaffordablebeautytips.com\/es\/wp-json\/wp\/v2\/users\/1"}],"replies":[{"embeddable":true,"href":"https:\/\/myaffordablebeautytips.com\/es\/wp-json\/wp\/v2\/comments?post=1127"}],"version-history":[{"count":1,"href":"https:\/\/myaffordablebeautytips.com\/es\/wp-json\/wp\/v2\/pages\/1127\/revisions"}],"predecessor-version":[{"id":1129,"href":"https:\/\/myaffordablebeautytips.com\/es\/wp-json\/wp\/v2\/pages\/1127\/revisions\/1129"}],"wp:attachment":[{"href":"https:\/\/myaffordablebeautytips.com\/es\/wp-json\/wp\/v2\/media?parent=1127"}],"curies":[{"name":"wp","href":"https:\/\/api.w.org\/{rel}","templated":true}]}}