{"id":1126,"date":"2021-03-17T12:47:17","date_gmt":"2021-03-17T12:47:17","guid":{"rendered":"https:\/\/myaffordablebeautytips.com\/privacy-policy-2\/"},"modified":"2024-11-02T14:58:38","modified_gmt":"2024-11-02T18:58:38","slug":"politica-de-privacidad-2","status":"publish","type":"page","link":"https:\/\/myaffordablebeautytips.com\/es\/privacy-policy-2\/","title":{"rendered":"Pol\u00edtica de privacidad"},"content":{"rendered":"<p>Bienvenido a https:\/\/myaffordablebeautytips.com (el \"Sitio\"). Entendemos que la privacidad en l\u00ednea es importante para los usuarios de nuestro Sitio, especialmente cuando realizan transacciones comerciales. Esta declaraci\u00f3n rige nuestras pol\u00edticas de privacidad con respecto a aquellos usuarios del Sitio (\"Visitantes\") que lo visitan sin realizar transacciones comerciales y a los Visitantes que se registran para realizar transacciones comerciales en el Sitio y hacen uso de los diversos servicios ofrecidos por (colectivamente, \"Servicios\") (\"Clientes autorizados\").<\/p>\n<h6><strong>\"Informaci\u00f3n de identificaci\u00f3n personal\"<\/strong><\/h6>\n<p>se refiere a cualquier informaci\u00f3n que identifique o pueda utilizarse para identificar, contactar o localizar a la persona a la que pertenece dicha informaci\u00f3n, incluidos, entre otros, el nombre, la direcci\u00f3n, el n\u00famero de tel\u00e9fono, el n\u00famero de fax, la direcci\u00f3n de correo electr\u00f3nico, los perfiles financieros, el n\u00famero de la seguridad social y la informaci\u00f3n sobre tarjetas de cr\u00e9dito. La informaci\u00f3n personal identificable no incluye la informaci\u00f3n que se recopila de forma an\u00f3nima (es decir, sin identificar al usuario individual) ni la informaci\u00f3n demogr\u00e1fica no relacionada con un individuo identificado.<\/p>\n<h6><strong>\u00bfQu\u00e9 informaci\u00f3n de identificaci\u00f3n personal se recopila?<\/strong><\/h6>\n<p>Podemos recopilar informaci\u00f3n b\u00e1sica sobre el perfil de usuario de todos nuestros Visitantes. Recopilamos la siguiente informaci\u00f3n adicional de nuestros Clientes Autorizados: los nombres, direcciones, n\u00fameros de tel\u00e9fono y direcciones de correo electr\u00f3nico de los Clientes Autorizados, la naturaleza y el tama\u00f1o del negocio, y la naturaleza y el tama\u00f1o del inventario publicitario que el Cliente Autorizado pretende comprar o vender.<\/p>\n<h6><strong>\u00bfQu\u00e9 organizaciones recopilan la informaci\u00f3n?<\/strong><\/h6>\n<p>Adem\u00e1s de nuestra recopilaci\u00f3n directa de informaci\u00f3n, nuestros proveedores de servicios externos (como compa\u00f1\u00edas de tarjetas de cr\u00e9dito, c\u00e1maras de compensaci\u00f3n y bancos) que pueden proporcionar servicios como cr\u00e9ditos, seguros y servicios de custodia pueden recopilar esta informaci\u00f3n de nuestros Visitantes y Clientes Autorizados. No controlamos la forma en que estos terceros utilizan dicha informaci\u00f3n, pero les pedimos que revelen c\u00f3mo utilizan la informaci\u00f3n personal que les proporcionan los Visitantes y Clientes Autorizados. Algunos de estos terceros pueden ser intermediarios que act\u00faan \u00fanicamente como eslabones de la cadena de distribuci\u00f3n y no almacenan, conservan ni utilizan la informaci\u00f3n que se les facilita.<\/p>\n<h6><strong>\u00bfC\u00f3mo utiliza el Sitio la informaci\u00f3n de identificaci\u00f3n personal?<\/strong><\/h6>\n<p>Utilizamos la Informaci\u00f3n de Identificaci\u00f3n Personal para personalizar el Sitio, realizar ofertas de servicio adecuadas y satisfacer las solicitudes de compra y venta en el Sitio. Podemos enviar correos electr\u00f3nicos a los Visitantes y Clientes Autorizados sobre investigaciones u oportunidades de compra y venta en el Sitio o informaci\u00f3n relacionada con el tema del Sitio. Tambi\u00e9n podemos utilizar la Informaci\u00f3n de Identificaci\u00f3n Personal para ponernos en contacto con los Visitantes y Clientes Autorizados en respuesta a consultas espec\u00edficas o para proporcionar la informaci\u00f3n solicitada.<\/p>\n<h6><strong>\u00bfCon qui\u00e9n puede compartirse la informaci\u00f3n?<\/strong><\/h6>\n<p>La Informaci\u00f3n de Identificaci\u00f3n Personal sobre Clientes Autorizados puede ser compartida con otros Clientes Autorizados que deseen evaluar transacciones potenciales con otros Clientes Autorizados. Podemos compartir informaci\u00f3n agregada sobre nuestros Visitantes, incluidos los datos demogr\u00e1ficos de nuestros Visitantes y Clientes Autorizados, con nuestras agencias afiliadas y proveedores externos. Tambi\u00e9n ofrecemos la oportunidad de \"optar por no\" recibir informaci\u00f3n o ser contactado por nosotros o por cualquier agencia que act\u00fae en nuestro nombre.<\/p>\n<h6><strong>\u00bfC\u00f3mo se almacena la informaci\u00f3n de identificaci\u00f3n personal?<\/strong><\/h6>\n<p>Personalmente, la informaci\u00f3n identificable recogida por se almacena de forma segura y no es accesible a terceros o empleados de excepto para su uso como se indica m\u00e1s arriba.<\/p>\n<h6><strong>\u00bfQu\u00e9 opciones tienen los visitantes respecto a la recogida, uso y distribuci\u00f3n de la informaci\u00f3n?<\/strong><\/h6>\n<p>Los visitantes y clientes autorizados pueden optar por no recibir informaci\u00f3n no solicitada o por no ser contactados por nosotros y\/o nuestros proveedores y agencias afiliadas respondiendo a los correos electr\u00f3nicos seg\u00fan las instrucciones, o poni\u00e9ndose en contacto con nosotros en<\/p>\n<h6><strong>Cookies<\/strong><\/h6>\n<p>Una cookie es una cadena de informaci\u00f3n que un sitio web almacena en el ordenador de un visitante, y que el navegador del visitante proporciona al sitio web cada vez que el visitante regresa.<\/p>\n<h6><strong>\u00bfSe utilizan cookies en el sitio web?<\/strong><\/h6>\n<p>Las cookies se utilizan por diversas razones. Utilizamos Cookies para obtener informaci\u00f3n sobre las preferencias de nuestros Visitantes y los servicios que seleccionan. Tambi\u00e9n utilizamos Cookies con fines de seguridad para proteger a nuestros Clientes Autorizados. Por ejemplo, si un Cliente Autorizado est\u00e1 conectado y el sitio no se utiliza durante m\u00e1s de 10 minutos, cerraremos autom\u00e1ticamente la sesi\u00f3n del Cliente Autorizado. Los visitantes que no deseen que se instalen cookies en sus ordenadores deber\u00e1n configurar sus navegadores para que rechacen las cookies antes de utilizar https:\/\/myaffordablebeautytips.com, con el inconveniente de que algunas caracter\u00edsticas del sitio web pueden no funcionar correctamente sin la ayuda de las cookies.<\/p>\n<h6><strong>Cookies utilizadas por nuestros proveedores de servicios<\/strong><\/h6>\n<p>Nuestros proveedores de servicios utilizan cookies y esas cookies pueden almacenarse en su ordenador cuando visita nuestro sitio web. Puede encontrar m\u00e1s detalles sobre qu\u00e9 cookies se utilizan en nuestra p\u00e1gina de informaci\u00f3n sobre cookies.<\/p>\n<h6><strong>\u00bfC\u00f3mo se utilizan los datos de acceso?<\/strong><\/h6>\n<p>utiliza la informaci\u00f3n de acceso, incluyendo, pero sin limitarse a, direcciones IP, ISP y tipos de navegador, para analizar tendencias, administrar el Sitio, rastrear el movimiento y uso de un usuario y recopilar informaci\u00f3n demogr\u00e1fica amplia.<\/p>\n<h6><strong>\u00bfQu\u00e9 socios o proveedores de servicios tienen acceso a la Informaci\u00f3n de Identificaci\u00f3n Personal de los Visitantes y\/o Clientes Autorizados en el Sitio?<\/strong><\/h6>\n<p>ha establecido y continuar\u00e1 estableciendo asociaciones y otras afiliaciones con una serie de proveedores. Dichos vendedores pueden tener acceso a cierta Informaci\u00f3n de Identificaci\u00f3n Personal sobre la base de la necesidad de conocerla para evaluar a los Clientes Autorizados para la elegibilidad del servicio. Nuestra pol\u00edtica de privacidad no cubre la recopilaci\u00f3n o el uso que hagan de esta informaci\u00f3n. Divulgaci\u00f3n de Informaci\u00f3n de Identificaci\u00f3n Personal para cumplir con la ley. Divulgaremos Informaci\u00f3n de Identificaci\u00f3n Personal para cumplir con una orden o citaci\u00f3n judicial o con una solicitud de divulgaci\u00f3n de informaci\u00f3n por parte de un organismo encargado de hacer cumplir la ley. Tambi\u00e9n divulgaremos Informaci\u00f3n de Identificaci\u00f3n Personal cuando sea razonablemente necesario para proteger la seguridad de nuestros Visitantes y Clientes Autorizados.<\/p>\n<h6><strong>\u00bfC\u00f3mo mantiene el Sitio la seguridad de la Informaci\u00f3n Personal Identificable?<\/strong><\/h6>\n<p>Todos nuestros empleados est\u00e1n familiarizados con nuestra pol\u00edtica y pr\u00e1cticas de seguridad. La informaci\u00f3n de identificaci\u00f3n personal de nuestros visitantes y clientes autorizados s\u00f3lo es accesible a un n\u00famero limitado de empleados cualificados a los que se les facilita una contrase\u00f1a para poder acceder a la informaci\u00f3n. Realizamos auditor\u00edas peri\u00f3dicas de nuestros sistemas y procesos de seguridad. La informaci\u00f3n confidencial, como los n\u00fameros de tarjetas de cr\u00e9dito o de la seguridad social, est\u00e1 protegida por protocolos de encriptaci\u00f3n, establecidos para proteger la informaci\u00f3n enviada por Internet. Aunque tomamos medidas comercialmente razonables para mantener un sitio seguro, las comunicaciones electr\u00f3nicas y las bases de datos est\u00e1n sujetas a errores, manipulaciones y allanamientos, y no podemos garantizar ni asegurar que tales hechos no se produzcan y no seremos responsables ante los Visitantes o Clientes Autorizados por tales sucesos.<\/p>\n<h6><strong>\u00bfC\u00f3mo pueden los visitantes corregir cualquier inexactitud en la informaci\u00f3n de identificaci\u00f3n personal?<\/strong><\/h6>\n<p>Los visitantes y clientes autorizados pueden ponerse en contacto con nosotros para actualizar la informaci\u00f3n de identificaci\u00f3n personal sobre ellos o para corregir cualquier inexactitud envi\u00e1ndonos un correo electr\u00f3nico a <span \n                data-original-string='t++oEylQizGgEewyI\/L16Q==98d\/VTq4wEKUfJbMkAJs4Oyu9N7rFazb7gfTsD9pZ01TiH84yIW5lPflbAxCU15uOml'\n                class='apbct-email-encoder'\n                title='Este contacto ha sido codificado por Anti-Spam by CleanTalk. Haga clic para descodificarlo. Para finalizar la descodificaci\u00f3n aseg\u00farese de que JavaScript est\u00e1 activado en su navegador.'>mi<span class=\"apbct-blur\">********************<\/span>@<span class=\"apbct-blur\">***<\/span>il.com<\/span><\/p>\n<h6><strong>\u00bfPuede un visitante eliminar o desactivar la informaci\u00f3n de identificaci\u00f3n personal recopilada por el sitio?<\/strong><\/h6>\n<p>Proporcionamos a los Visitantes y Clientes Autorizados un mecanismo para borrar\/desactivar la Informaci\u00f3n de Identificaci\u00f3n Personal de la base de datos del Sitio poni\u00e9ndose en contacto. Sin embargo, debido a las copias de seguridad y a los registros de eliminaciones, puede resultar imposible borrar la entrada de un Visitante sin conservar alguna informaci\u00f3n residual. A un individuo que solicite la desactivaci\u00f3n de la Informaci\u00f3n Personalmente Identificable se le borrar\u00e1 funcionalmente esta informaci\u00f3n, y no venderemos, transferiremos o utilizaremos la Informaci\u00f3n Personalmente Identificable relacionada con ese individuo de ninguna manera en el futuro.<\/p>\n<h6><strong>Sus derechos<\/strong><\/h6>\n<p>Estos son los derechos resumidos que le otorga la ley de protecci\u00f3n de datos<\/p>\n<ul>\n<li>El derecho de acceso<\/li>\n<li>El derecho de rectificaci\u00f3n<\/li>\n<li>El derecho al borrado<\/li>\n<li>Derecho a restringir el tratamiento<\/li>\n<li>Derecho a oponerse al tratamiento<\/li>\n<li>El derecho a la portabilidad de los datos<\/li>\n<li>Derecho a reclamar ante una autoridad supervisora<\/li>\n<li>El derecho a retirar el consentimiento<\/li>\n<\/ul>\n<h6><strong>\u00bfQu\u00e9 ocurre si cambia la pol\u00edtica de privacidad?<\/strong><\/h6>\n<p>Informaremos a nuestros Visitantes y Clientes Autorizados sobre los cambios en nuestra pol\u00edtica de privacidad publicando dichos cambios en el Sitio. Sin embargo, si estamos cambiando nuestra pol\u00edtica de privacidad de una manera que pueda causar la divulgaci\u00f3n de Informaci\u00f3n de Identificaci\u00f3n Personal que un Visitante o Cliente Autorizado haya solicitado previamente que no se divulgue, nos pondremos en contacto con dicho Visitante o Cliente Autorizado para permitir que dicho Visitante o Cliente Autorizado evite dicha divulgaci\u00f3n.<\/p>\n<h6><strong>Enlaces:<\/strong><\/h6>\n<p>https:\/\/myaffordablebeautytips.com contiene enlaces a otras p\u00e1ginas web. Tenga en cuenta que al hacer clic en uno de estos enlaces, se trasladar\u00e1 a otro sitio web. Le recomendamos que lea las declaraciones de privacidad de estos sitios enlazados, ya que sus pol\u00edticas de privacidad pueden diferir de la nuestra.<\/p>\n<p>\u00a0<\/p>\n<h6><strong>APIs\/Conexiones de terceros<\/strong><\/h6>\n<p>Nuestros plugins env\u00edan solicitudes a API de terceros a trav\u00e9s del navegador web del visitante para obtener informaci\u00f3n (como acciones sociales, recuento de comentarios sociales). Esta solicitud realizada por el navegador web puede incluir la direcci\u00f3n IP, que puede ser vista por el tercero al que se est\u00e1 solicitando. Esta solicitud de API no incluye ning\u00fan dato personal del usuario del sitio web aparte de la direcci\u00f3n IP.<\/p>\n<p><em>Recopilamos los datos de su perfil p\u00fablico \u00fanicamente a partir del consentimiento que usted otorga antes de iniciar el inicio de sesi\u00f3n social, desde la red social utilizada para iniciar sesi\u00f3n en nuestro sitio web. Estos datos incluyen su nombre, apellidos, direcci\u00f3n de correo electr\u00f3nico, enlace a su perfil en las redes sociales, identificador \u00fanico, enlace al avatar del perfil social o el propio avatar del perfil social en el caso del inicio de sesi\u00f3n en Facebook y Linkedin. Estos datos se utilizan para crear su perfil de usuario en nuestro sitio web. Puede revocar este consentimiento en cualquier momento desde su p\u00e1gina de perfil en nuestro sitio web o envi\u00e1ndonos un correo electr\u00f3nico.<\/em><\/p>\n<p>\u00a0<\/p>\n\n\n<p class=\"\"><\/p>","protected":false},"excerpt":{"rendered":"<p>Bienvenido a https:\/\/myaffordablebeautytips.com (el \"Sitio\"). Entendemos que la privacidad en l\u00ednea es importante para los usuarios de nuestro Sitio, especialmente cuando realizan transacciones comerciales. Esta declaraci\u00f3n rige nuestras pol\u00edticas de privacidad con respecto a aquellos usuarios del Sitio (\"Visitantes\") que lo visitan sin realizar transacciones...<\/p>\n<p><a class=\"more-link\" href=\"https:\/\/myaffordablebeautytips.com\/es\/privacy-policy-2\/\">Leer m\u00e1s<\/a><\/p>","protected":false},"author":1,"featured_media":0,"parent":0,"menu_order":0,"comment_status":"closed","ping_status":"closed","template":"","meta":{"nf_dc_page":"","_monsterinsights_skip_tracking":false,"_monsterinsights_sitenote_active":false,"_monsterinsights_sitenote_note":"","_monsterinsights_sitenote_category":0,"_uf_show_specific_survey":0,"_uf_disable_surveys":false,"_genesis_hide_title":false,"_genesis_hide_breadcrumbs":false,"_genesis_hide_singular_image":false,"_genesis_hide_footer_widgets":false,"_genesis_custom_body_class":"","_genesis_custom_post_class":"","_genesis_layout":"","jetpack_post_was_ever_published":false,"footnotes":""},"class_list":{"0":"post-1126","1":"page","2":"type-page","3":"status-publish","5":"entry"},"yoast_head":"<!-- This site is optimized with the Yoast SEO Premium plugin v27.2 (Yoast SEO v27.4) - https:\/\/yoast.com\/product\/yoast-seo-premium-wordpress\/ -->\n<title>Privacy Policy - My Affordable Beauty Tips<\/title>\n<meta name=\"robots\" content=\"index, follow, max-snippet:-1, max-image-preview:large, max-video-preview:-1\" \/>\n<link rel=\"canonical\" href=\"https:\/\/myaffordablebeautytips.com\/es\/politica-de-privacidad-2\/\" \/>\n<meta property=\"og:locale\" content=\"es_ES\" \/>\n<meta property=\"og:type\" content=\"article\" \/>\n<meta property=\"og:title\" content=\"Privacy Policy\" \/>\n<meta property=\"og:description\" content=\"Welcome to https:\/\/myaffordablebeautytips.com (the &#8220;Site&#8221;). We understand that privacy online is important to users of our Site, especially when conducting business. This statement governs our privacy policies with respect to those users of the Site (&#8220;Visitors&#8221;) who visit without transacting...Read More\" \/>\n<meta property=\"og:url\" content=\"https:\/\/myaffordablebeautytips.com\/es\/politica-de-privacidad-2\/\" \/>\n<meta property=\"og:site_name\" content=\"My Affordable Beauty Tips\" \/>\n<meta property=\"article:modified_time\" content=\"2024-11-02T18:58:38+00:00\" \/>\n<meta name=\"twitter:card\" content=\"summary_large_image\" \/>\n<meta name=\"twitter:label1\" content=\"Tiempo de lectura\" \/>\n\t<meta name=\"twitter:data1\" content=\"6 minutos\" \/>\n<script type=\"application\/ld+json\" class=\"yoast-schema-graph\">{\"@context\":\"https:\\\/\\\/schema.org\",\"@graph\":[{\"@type\":\"WebPage\",\"@id\":\"https:\\\/\\\/myaffordablebeautytips.com\\\/privacy-policy-2\\\/\",\"url\":\"https:\\\/\\\/myaffordablebeautytips.com\\\/privacy-policy-2\\\/\",\"name\":\"Privacy Policy - My Affordable Beauty Tips\",\"isPartOf\":{\"@id\":\"https:\\\/\\\/myaffordablebeautytips.com\\\/#website\"},\"datePublished\":\"2021-03-17T12:47:17+00:00\",\"dateModified\":\"2024-11-02T18:58:38+00:00\",\"breadcrumb\":{\"@id\":\"https:\\\/\\\/myaffordablebeautytips.com\\\/privacy-policy-2\\\/#breadcrumb\"},\"inLanguage\":\"es-CO\",\"potentialAction\":[{\"@type\":\"ReadAction\",\"target\":[\"https:\\\/\\\/myaffordablebeautytips.com\\\/privacy-policy-2\\\/\"]}]},{\"@type\":\"BreadcrumbList\",\"@id\":\"https:\\\/\\\/myaffordablebeautytips.com\\\/privacy-policy-2\\\/#breadcrumb\",\"itemListElement\":[{\"@type\":\"ListItem\",\"position\":1,\"name\":\"Home\",\"item\":\"https:\\\/\\\/myaffordablebeautytips.com\\\/\"},{\"@type\":\"ListItem\",\"position\":2,\"name\":\"Privacy Policy\"}]},{\"@type\":\"WebSite\",\"@id\":\"https:\\\/\\\/myaffordablebeautytips.com\\\/#website\",\"url\":\"https:\\\/\\\/myaffordablebeautytips.com\\\/\",\"name\":\"My Affordable Beauty Tips\",\"description\":\"Beauty Beyond Skin \\\/ Creator of Rise and Shine Mindset\",\"potentialAction\":[{\"@type\":\"SearchAction\",\"target\":{\"@type\":\"EntryPoint\",\"urlTemplate\":\"https:\\\/\\\/myaffordablebeautytips.com\\\/?s={search_term_string}\"},\"query-input\":{\"@type\":\"PropertyValueSpecification\",\"valueRequired\":true,\"valueName\":\"search_term_string\"}}],\"inLanguage\":\"es-CO\"}]}<\/script>\n<!-- \/ Yoast SEO Premium plugin. -->","yoast_head_json":{"title":"Pol\u00edtica de privacidad - My Affordable Beauty Tips","robots":{"index":"index","follow":"follow","max-snippet":"max-snippet:-1","max-image-preview":"max-image-preview:large","max-video-preview":"max-video-preview:-1"},"canonical":"https:\/\/myaffordablebeautytips.com\/es\/politica-de-privacidad-2\/","og_locale":"es_ES","og_type":"article","og_title":"Privacy Policy","og_description":"Welcome to https:\/\/myaffordablebeautytips.com (the &#8220;Site&#8221;). We understand that privacy online is important to users of our Site, especially when conducting business. This statement governs our privacy policies with respect to those users of the Site (&#8220;Visitors&#8221;) who visit without transacting...Read More","og_url":"https:\/\/myaffordablebeautytips.com\/es\/politica-de-privacidad-2\/","og_site_name":"My Affordable Beauty Tips","article_modified_time":"2024-11-02T18:58:38+00:00","twitter_card":"summary_large_image","twitter_misc":{"Tiempo de lectura":"6 minutos"},"schema":{"@context":"https:\/\/schema.org","@graph":[{"@type":"WebPage","@id":"https:\/\/myaffordablebeautytips.com\/privacy-policy-2\/","url":"https:\/\/myaffordablebeautytips.com\/privacy-policy-2\/","name":"Pol\u00edtica de privacidad - My Affordable Beauty Tips","isPartOf":{"@id":"https:\/\/myaffordablebeautytips.com\/#website"},"datePublished":"2021-03-17T12:47:17+00:00","dateModified":"2024-11-02T18:58:38+00:00","breadcrumb":{"@id":"https:\/\/myaffordablebeautytips.com\/privacy-policy-2\/#breadcrumb"},"inLanguage":"es-CO","potentialAction":[{"@type":"ReadAction","target":["https:\/\/myaffordablebeautytips.com\/privacy-policy-2\/"]}]},{"@type":"BreadcrumbList","@id":"https:\/\/myaffordablebeautytips.com\/privacy-policy-2\/#breadcrumb","itemListElement":[{"@type":"ListItem","position":1,"name":"Home","item":"https:\/\/myaffordablebeautytips.com\/"},{"@type":"ListItem","position":2,"name":"Privacy Policy"}]},{"@type":"WebSite","@id":"https:\/\/myaffordablebeautytips.com\/#website","url":"https:\/\/myaffordablebeautytips.com\/","name":"Mis consejos de belleza asequibles","description":"Belleza m\u00e1s all\u00e1 de la piel \/ Creadora de Rise and Shine Mindset","potentialAction":[{"@type":"SearchAction","target":{"@type":"EntryPoint","urlTemplate":"https:\/\/myaffordablebeautytips.com\/?s={search_term_string}"},"query-input":{"@type":"PropertyValueSpecification","valueRequired":true,"valueName":"search_term_string"}}],"inLanguage":"es-CO"}]}},"jetpack_sharing_enabled":true,"amp_enabled":true,"_links":{"self":[{"href":"https:\/\/myaffordablebeautytips.com\/es\/wp-json\/wp\/v2\/pages\/1126","targetHints":{"allow":["GET"]}}],"collection":[{"href":"https:\/\/myaffordablebeautytips.com\/es\/wp-json\/wp\/v2\/pages"}],"about":[{"href":"https:\/\/myaffordablebeautytips.com\/es\/wp-json\/wp\/v2\/types\/page"}],"author":[{"embeddable":true,"href":"https:\/\/myaffordablebeautytips.com\/es\/wp-json\/wp\/v2\/users\/1"}],"replies":[{"embeddable":true,"href":"https:\/\/myaffordablebeautytips.com\/es\/wp-json\/wp\/v2\/comments?post=1126"}],"version-history":[{"count":2,"href":"https:\/\/myaffordablebeautytips.com\/es\/wp-json\/wp\/v2\/pages\/1126\/revisions"}],"predecessor-version":[{"id":8264,"href":"https:\/\/myaffordablebeautytips.com\/es\/wp-json\/wp\/v2\/pages\/1126\/revisions\/8264"}],"wp:attachment":[{"href":"https:\/\/myaffordablebeautytips.com\/es\/wp-json\/wp\/v2\/media?parent=1126"}],"curies":[{"name":"wp","href":"https:\/\/api.w.org\/{rel}","templated":true}]}}